{"id":42973,"date":"2024-03-30T11:10:52","date_gmt":"2024-03-30T11:10:52","guid":{"rendered":"https:\/\/locreamosdigital.cl\/?page_id=42973"},"modified":"2025-02-13T06:36:36","modified_gmt":"2025-02-13T09:36:36","slug":"google-ads","status":"publish","type":"page","link":"https:\/\/locreamosdigital.com\/index.php\/google-ads\/","title":{"rendered":"Google ADS"},"content":{"rendered":"\t\t<div data-elementor-type=\"wp-page\" data-elementor-id=\"42973\" class=\"elementor elementor-42973\" data-elementor-post-type=\"page\">\n\t\t\t\t\t\t<section class=\"elementor-section elementor-top-section elementor-element elementor-element-cc7ecbd elementor-section-stretched elementor-section-boxed elementor-section-height-default elementor-section-height-default\" data-id=\"cc7ecbd\" data-element_type=\"section\" data-settings=\"{&quot;stretch_section&quot;:&quot;section-stretched&quot;,&quot;background_background&quot;:&quot;classic&quot;}\">\n\t\t\t\t\t\t\t<div class=\"elementor-background-overlay\"><\/div>\n\t\t\t\t\t\t\t<div class=\"elementor-container elementor-column-gap-default\">\n\t\t\t\t\t<div class=\"elementor-column elementor-col-50 elementor-top-column elementor-element elementor-element-781e00b\" data-id=\"781e00b\" data-element_type=\"column\">\n\t\t\t<div class=\"elementor-widget-wrap elementor-element-populated\">\n\t\t\t\t\t\t<div class=\"elementor-element elementor-element-e0bfa1e elementor-widget elementor-widget-image\" data-id=\"e0bfa1e\" data-element_type=\"widget\" data-widget_type=\"image.default\">\n\t\t\t\t<div class=\"elementor-widget-container\">\n\t\t\t\t\t\t\t\t\t\t\t\t\t<img fetchpriority=\"high\" decoding=\"async\" width=\"1024\" height=\"512\" src=\"https:\/\/locreamosdigital.com\/wp-content\/uploads\/2024\/03\/Servicio-de-Google-ADS-1024x512.jpg\" class=\"attachment-large size-large wp-image-42975\" alt=\"\" srcset=\"https:\/\/locreamosdigital.com\/wp-content\/uploads\/2024\/03\/Servicio-de-Google-ADS-1024x512.jpg 1024w, https:\/\/locreamosdigital.com\/wp-content\/uploads\/2024\/03\/Servicio-de-Google-ADS-300x150.jpg 300w, https:\/\/locreamosdigital.com\/wp-content\/uploads\/2024\/03\/Servicio-de-Google-ADS-768x384.jpg 768w, https:\/\/locreamosdigital.com\/wp-content\/uploads\/2024\/03\/Servicio-de-Google-ADS-1536x768.jpg 1536w, https:\/\/locreamosdigital.com\/wp-content\/uploads\/2024\/03\/Servicio-de-Google-ADS-1320x660.jpg 1320w, https:\/\/locreamosdigital.com\/wp-content\/uploads\/2024\/03\/Servicio-de-Google-ADS-600x300.jpg 600w, https:\/\/locreamosdigital.com\/wp-content\/uploads\/2024\/03\/Servicio-de-Google-ADS.jpg 1603w\" sizes=\"(max-width: 1024px) 100vw, 1024px\" \/>\t\t\t\t\t\t\t\t\t\t\t\t\t<\/div>\n\t\t\t\t<\/div>\n\t\t\t\t<div class=\"elementor-element elementor-element-172605f elementor-widget elementor-widget-heading\" data-id=\"172605f\" data-element_type=\"widget\" data-widget_type=\"heading.default\">\n\t\t\t\t<div class=\"elementor-widget-container\">\n\t\t\t<h2 class=\"elementor-heading-title elementor-size-default\">SERVICIO DESDE $ 30 us \/ CON PRESUPUESTO SUJETO A CLIC<\/h2>\t\t<\/div>\n\t\t\t\t<\/div>\n\t\t\t\t\t<\/div>\n\t\t<\/div>\n\t\t\t\t<div class=\"elementor-column elementor-col-50 elementor-top-column elementor-element elementor-element-0bfba8c\" data-id=\"0bfba8c\" data-element_type=\"column\">\n\t\t\t<div class=\"elementor-widget-wrap elementor-element-populated\">\n\t\t\t\t\t\t<div class=\"elementor-element elementor-element-ce8866a elementor-widget elementor-widget-video\" data-id=\"ce8866a\" data-element_type=\"widget\" data-settings=\"{&quot;youtube_url&quot;:&quot;https:\\\/\\\/youtu.be\\\/eb7pyyKRtac&quot;,&quot;autoplay&quot;:&quot;yes&quot;,&quot;play_on_mobile&quot;:&quot;yes&quot;,&quot;loop&quot;:&quot;yes&quot;,&quot;video_type&quot;:&quot;youtube&quot;,&quot;controls&quot;:&quot;yes&quot;}\" data-widget_type=\"video.default\">\n\t\t\t\t<div class=\"elementor-widget-container\">\n\t\t\t\t\t<div class=\"elementor-wrapper elementor-open-inline\">\n\t\t\t<div class=\"elementor-video\"><\/div>\t\t<\/div>\n\t\t\t\t<\/div>\n\t\t\t\t<\/div>\n\t\t\t\t\t<\/div>\n\t\t<\/div>\n\t\t\t\t\t<\/div>\n\t\t<\/section>\n\t\t\t\t<section class=\"elementor-section elementor-top-section elementor-element elementor-element-1415b3d elementor-section-boxed elementor-section-height-default elementor-section-height-default\" data-id=\"1415b3d\" data-element_type=\"section\">\n\t\t\t\t\t\t<div class=\"elementor-container elementor-column-gap-default\">\n\t\t\t\t\t<div class=\"elementor-column elementor-col-50 elementor-top-column elementor-element elementor-element-81bf498\" data-id=\"81bf498\" data-element_type=\"column\">\n\t\t\t<div class=\"elementor-widget-wrap elementor-element-populated\">\n\t\t\t\t\t\t<div class=\"elementor-element elementor-element-8ce2e87 elementor-widget elementor-widget-heading\" data-id=\"8ce2e87\" data-element_type=\"widget\" data-widget_type=\"heading.default\">\n\t\t\t\t<div class=\"elementor-widget-container\">\n\t\t\t<h3 class=\"elementor-heading-title elementor-size-default\">Optimizamos tu presencia en l\u00ednea con nuestro servicio de gesti\u00f3n de Google Ads <br>\nTu aliado en Google Ads<\/h3>\t\t<\/div>\n\t\t\t\t<\/div>\n\t\t\t\t<div class=\"elementor-element elementor-element-2178e8d elementor-widget elementor-widget-text-editor\" data-id=\"2178e8d\" data-element_type=\"widget\" data-widget_type=\"text-editor.default\">\n\t\t\t\t<div class=\"elementor-widget-container\">\n\t\t\t\t\t\t\t<h2 data-sourcepos=\"1:1-1:55\">B\u00fasqueda por Google con pago por clic (PPC):<\/h2><p data-sourcepos=\"3:1-3:12\"><strong>\u00bfQu\u00e9 es?<\/strong><\/p><p data-sourcepos=\"5:1-5:75\">Publicidad online donde pagas cada vez que alguien hace clic en tu anuncio. (<strong>Campa\u00f1as de b\u00fasqueda)<\/strong><\/p><p data-sourcepos=\"7:1-7:19\"><strong>\u00bfC\u00f3mo funciona?<\/strong><\/p><ul data-sourcepos=\"9:1-12:0\"><li data-sourcepos=\"9:1-9:49\">Creamos una campa\u00f1a y seleccionas palabras clave.<\/li><li data-sourcepos=\"10:1-10:65\">Tu anuncio se muestra cuando alguien busca esas palabras clave.<\/li><li data-sourcepos=\"11:1-12:0\">Pagas solo si alguien hace clic en tu anuncio.<\/li><\/ul><p data-sourcepos=\"13:1-13:13\"><strong>Ventajas:<\/strong><\/p><ul data-sourcepos=\"15:1-17:0\"><li data-sourcepos=\"15:1-15:46\">Llegas a personas que buscan lo que ofreces.<\/li><li data-sourcepos=\"16:1-17:0\">Mides los resultados y controlas tu presupuesto.<\/li><\/ul>\t\t\t\t\t\t<\/div>\n\t\t\t\t<\/div>\n\t\t\t\t\t<\/div>\n\t\t<\/div>\n\t\t\t\t<div class=\"elementor-column elementor-col-50 elementor-top-column elementor-element elementor-element-dbb5f99\" data-id=\"dbb5f99\" data-element_type=\"column\">\n\t\t\t<div class=\"elementor-widget-wrap elementor-element-populated\">\n\t\t\t\t\t\t<div class=\"elementor-element elementor-element-8055c8c elementor-widget elementor-widget-image\" data-id=\"8055c8c\" data-element_type=\"widget\" data-widget_type=\"image.default\">\n\t\t\t\t<div class=\"elementor-widget-container\">\n\t\t\t\t\t\t\t\t\t\t\t\t\t<img decoding=\"async\" width=\"1024\" height=\"911\" src=\"https:\/\/locreamosdigital.com\/wp-content\/uploads\/2024\/03\/servicio-de-Busqueda-por-Google-con-pago-por-clic-1024x911.jpg\" class=\"attachment-large size-large wp-image-42977\" alt=\"\" srcset=\"https:\/\/locreamosdigital.com\/wp-content\/uploads\/2024\/03\/servicio-de-Busqueda-por-Google-con-pago-por-clic-1024x911.jpg 1024w, https:\/\/locreamosdigital.com\/wp-content\/uploads\/2024\/03\/servicio-de-Busqueda-por-Google-con-pago-por-clic-300x267.jpg 300w, https:\/\/locreamosdigital.com\/wp-content\/uploads\/2024\/03\/servicio-de-Busqueda-por-Google-con-pago-por-clic-768x683.jpg 768w, https:\/\/locreamosdigital.com\/wp-content\/uploads\/2024\/03\/servicio-de-Busqueda-por-Google-con-pago-por-clic-600x534.jpg 600w, https:\/\/locreamosdigital.com\/wp-content\/uploads\/2024\/03\/servicio-de-Busqueda-por-Google-con-pago-por-clic.jpg 1171w\" sizes=\"(max-width: 1024px) 100vw, 1024px\" \/>\t\t\t\t\t\t\t\t\t\t\t\t\t<\/div>\n\t\t\t\t<\/div>\n\t\t\t\t<div class=\"elementor-element elementor-element-5d4f65f elementor-widget__width-initial elementor-widget-mobile__width-initial button-more elementor-align-center elementor-widget-tablet__width-initial elementor-widget-laptop__width-initial elementor-widget elementor-widget-button\" data-id=\"5d4f65f\" data-element_type=\"widget\" data-widget_type=\"button.default\">\n\t\t\t\t<div class=\"elementor-widget-container\">\n\t\t\t\t\t\t\t<div class=\"elementor-button-wrapper\">\n\t\t\t\t\t<a class=\"elementor-button elementor-button-link elementor-size-sm\" href=\"https:\/\/api.whatsapp.com\/send?phone=56935237407&#038;text=Hola%20locreamosdigital.com%20escribo%20porque%20me%20gustar\u00eda%20consultar%20sobre%20Google%20ADS:\" target=\"_blank\">\n\t\t\t\t\t\t<span class=\"elementor-button-content-wrapper\">\n\t\t\t\t\t\t<span class=\"elementor-button-icon\">\n\t\t\t\t<i aria-hidden=\"true\" class=\"fab fa-whatsapp\"><\/i>\t\t\t<\/span>\n\t\t\t\t\t\t\t\t\t<span class=\"elementor-button-text\">Consulta Directa Whatsapp<\/span>\n\t\t\t\t\t<\/span>\n\t\t\t\t\t<\/a>\n\t\t\t\t<\/div>\n\t\t\t\t\t\t<\/div>\n\t\t\t\t<\/div>\n\t\t\t\t\t<\/div>\n\t\t<\/div>\n\t\t\t\t\t<\/div>\n\t\t<\/section>\n\t\t\t\t<section class=\"elementor-section elementor-top-section elementor-element elementor-element-a9caba6 elementor-section-boxed elementor-section-height-default elementor-section-height-default\" data-id=\"a9caba6\" data-element_type=\"section\">\n\t\t\t\t\t\t\t<div class=\"elementor-background-overlay\"><\/div>\n\t\t\t\t\t\t\t<div class=\"elementor-container elementor-column-gap-default\">\n\t\t\t\t\t<div class=\"elementor-column elementor-col-50 elementor-top-column elementor-element elementor-element-33d8025\" data-id=\"33d8025\" data-element_type=\"column\">\n\t\t\t<div class=\"elementor-widget-wrap elementor-element-populated\">\n\t\t\t\t\t\t<div class=\"elementor-element elementor-element-2a150f4 elementor-widget elementor-widget-image\" data-id=\"2a150f4\" data-element_type=\"widget\" data-widget_type=\"image.default\">\n\t\t\t\t<div class=\"elementor-widget-container\">\n\t\t\t\t\t\t\t\t\t\t\t\t\t<img decoding=\"async\" width=\"940\" height=\"940\" src=\"https:\/\/locreamosdigital.com\/wp-content\/uploads\/2024\/03\/Marketing-Digital.jpg\" class=\"attachment-large size-large wp-image-42978\" alt=\"\" srcset=\"https:\/\/locreamosdigital.com\/wp-content\/uploads\/2024\/03\/Marketing-Digital.jpg 940w, https:\/\/locreamosdigital.com\/wp-content\/uploads\/2024\/03\/Marketing-Digital-300x300.jpg 300w, https:\/\/locreamosdigital.com\/wp-content\/uploads\/2024\/03\/Marketing-Digital-150x150.jpg 150w, https:\/\/locreamosdigital.com\/wp-content\/uploads\/2024\/03\/Marketing-Digital-768x768.jpg 768w, https:\/\/locreamosdigital.com\/wp-content\/uploads\/2024\/03\/Marketing-Digital-600x600.jpg 600w, https:\/\/locreamosdigital.com\/wp-content\/uploads\/2024\/03\/Marketing-Digital-100x100.jpg 100w\" sizes=\"(max-width: 940px) 100vw, 940px\" \/>\t\t\t\t\t\t\t\t\t\t\t\t\t<\/div>\n\t\t\t\t<\/div>\n\t\t\t\t\t<\/div>\n\t\t<\/div>\n\t\t\t\t<div class=\"elementor-column elementor-col-50 elementor-top-column elementor-element elementor-element-377443e\" data-id=\"377443e\" data-element_type=\"column\">\n\t\t\t<div class=\"elementor-widget-wrap elementor-element-populated\">\n\t\t\t\t\t\t<div class=\"elementor-element elementor-element-7b47bbc elementor-widget elementor-widget-heading\" data-id=\"7b47bbc\" data-element_type=\"widget\" data-widget_type=\"heading.default\">\n\t\t\t\t<div class=\"elementor-widget-container\">\n\t\t\t<h3 class=\"elementor-heading-title elementor-size-default\">Lo Creamos Digital te ayuda a crear estrategias efectivas en Google Ads. <br> Optimizamos tus campa\u00f1as para obtener el mejor retorno de inversi\u00f3n.<\/h3>\t\t<\/div>\n\t\t\t\t<\/div>\n\t\t\t\t<div class=\"elementor-element elementor-element-bf4a41e elementor-widget elementor-widget-text-editor\" data-id=\"bf4a41e\" data-element_type=\"widget\" data-widget_type=\"text-editor.default\">\n\t\t\t\t<div class=\"elementor-widget-container\">\n\t\t\t\t\t\t\t<h2 data-sourcepos=\"1:1-1:55\"><strong>Campa\u00f1as de display<\/strong>:<\/h2><p data-sourcepos=\"3:1-3:12\"><strong>\u00bfQu\u00e9 es?<\/strong><\/p><ul data-sourcepos=\"11:1-14:0\"><li data-sourcepos=\"11:1-11:82\">Anuncios de banner que se muestran en una gran red de sitios web y aplicaciones.<\/li><\/ul><p data-sourcepos=\"7:1-7:19\"><strong>\u00bfC\u00f3mo funciona?<\/strong><\/p><ul data-sourcepos=\"9:1-12:0\"><li data-sourcepos=\"12:1-12:48\">Se basan en intereses, temas o palabras clave.<\/li><li data-sourcepos=\"13:1-14:0\">Permiten aumentar el conocimiento de marca y llegar a un p\u00fablico m\u00e1s amplio.<\/li><\/ul><p data-sourcepos=\"13:1-13:13\"><strong>Ventajas:<\/strong><\/p><ul data-sourcepos=\"15:1-17:0\"><li data-sourcepos=\"15:1-15:46\">Llegas a personas que buscan lo que ofreces, por medio de otras web o APP.<\/li><li data-sourcepos=\"16:1-17:0\">Mides los resultados y controlas tu presupuesto.<\/li><\/ul>\t\t\t\t\t\t<\/div>\n\t\t\t\t<\/div>\n\t\t\t\t\t<\/div>\n\t\t<\/div>\n\t\t\t\t\t<\/div>\n\t\t<\/section>\n\t\t\t\t<section class=\"elementor-section elementor-top-section elementor-element elementor-element-fcc0083 elementor-section-boxed elementor-section-height-default elementor-section-height-default\" data-id=\"fcc0083\" data-element_type=\"section\">\n\t\t\t\t\t\t<div class=\"elementor-container elementor-column-gap-default\">\n\t\t\t\t\t<div class=\"elementor-column elementor-col-100 elementor-top-column elementor-element elementor-element-3d7fb26\" data-id=\"3d7fb26\" data-element_type=\"column\">\n\t\t\t<div class=\"elementor-widget-wrap elementor-element-populated\">\n\t\t\t\t\t\t<div class=\"elementor-element elementor-element-4220fec elementor-widget elementor-widget-text-editor\" data-id=\"4220fec\" data-element_type=\"widget\" data-widget_type=\"text-editor.default\">\n\t\t\t\t<div class=\"elementor-widget-container\">\n\t\t\t\t\t\t\t<p>1. \u00abOptimizamos tu presencia en l\u00ednea con nuestro servicio de gesti\u00f3n de Google Ads en Lo Creamos Digital. Aumenta tu visibilidad, genera leads y maximiza tu retorno de inversi\u00f3n con estrategias de publicidad efectivas.\u00bb<\/p><p>2. \u00abOfrecemos servicios profesionales de gesti\u00f3n de Google Ads para impulsar el crecimiento de tu negocio. Alcanza a tu audiencia objetivo, mejora tus conversiones y destaca en el competitivo mundo digital.\u00bb<\/p><p>3. \u00ab\u00bfQuieres mejorar tu presencia en Google?\u00a0 nos especializamos en la gesti\u00f3n de Google Ads para empresas como la tuya. Aprovecha al m\u00e1ximo cada clic con nuestras estrategias de publicidad personalizadas.\u00bb<\/p><p>4. \u00abEn Lo Creamos Digital, te ayudamos a destacar en el panorama digital con nuestro servicio de gesti\u00f3n de Google Ads. Desde la creaci\u00f3n de anuncios hasta el seguimiento de resultados, estamos aqu\u00ed para optimizar tu campa\u00f1a y maximizar tu impacto.\u00bb<\/p><p>5. \u00abComprendemos la importancia de una estrategia publicitaria efectiva en Google. Con nuestro servicio de gesti\u00f3n de Google Ads, puedes confiar en nosotros para impulsar el \u00e9xito de tu negocio en l\u00ednea.\u00bb<\/p><p>Espero que alguna de estas descripciones sea \u00fatil para promocionar los servicios de gesti\u00f3n de Google Ads de \u00abLo Creamos Digital\u00bb. Si necesitas m\u00e1s ayuda, \u00a1no dudes en pedirla!<\/p><p data-sourcepos=\"25:1-25:13\"><strong>Consejos:<\/strong><\/p><ul data-sourcepos=\"27:1-31:0\"><li data-sourcepos=\"27:1-27:71\"><strong>Utiliza palabras clave relevantes en tus t\u00edtulos y descripciones.<\/strong><\/li><li data-sourcepos=\"28:1-28:56\"><strong>Destaca los beneficios que ofreces a tus clientes.<\/strong><\/li><li data-sourcepos=\"29:1-29:38\"><strong>Incluye una llamada a la acci\u00f3n.<\/strong><\/li><li data-sourcepos=\"30:1-31:0\"><strong>Prueba diferentes combinaciones de t\u00edtulos y descripciones para ver qu\u00e9 funciona mejor.<\/strong><\/li><\/ul>\t\t\t\t\t\t<\/div>\n\t\t\t\t<\/div>\n\t\t\t\t\t<\/div>\n\t\t<\/div>\n\t\t\t\t\t<\/div>\n\t\t<\/section>\n\t\t\t\t<section class=\"elementor-section elementor-top-section elementor-element elementor-element-9c54473 elementor-section-boxed elementor-section-height-default elementor-section-height-default\" data-id=\"9c54473\" data-element_type=\"section\">\n\t\t\t\t\t\t<div class=\"elementor-container elementor-column-gap-default\">\n\t\t\t\t\t<div class=\"elementor-column elementor-col-100 elementor-top-column elementor-element elementor-element-1fa6044\" data-id=\"1fa6044\" data-element_type=\"column\">\n\t\t\t<div class=\"elementor-widget-wrap elementor-element-populated\">\n\t\t\t\t\t\t<div class=\"elementor-element elementor-element-c68beb5 elementor-widget elementor-widget-heading\" data-id=\"c68beb5\" data-element_type=\"widget\" data-widget_type=\"heading.default\">\n\t\t\t\t<div class=\"elementor-widget-container\">\n\t\t\t<h2 class=\"elementor-heading-title elementor-size-default\">ESCRIBE TU NECESIDAD Y TE DAREMOS RESPUESTA SIN NING\u00daN COMPROMISO <\/h2>\t\t<\/div>\n\t\t\t\t<\/div>\n\t\t\t\t<div class=\"elementor-element elementor-element-90e90d9 elementor-widget__width-initial elementor-widget-mobile__width-initial button-more elementor-align-center elementor-widget-tablet__width-initial elementor-widget-laptop__width-initial elementor-widget elementor-widget-button\" data-id=\"90e90d9\" data-element_type=\"widget\" data-widget_type=\"button.default\">\n\t\t\t\t<div class=\"elementor-widget-container\">\n\t\t\t\t\t\t\t<div class=\"elementor-button-wrapper\">\n\t\t\t\t\t<a class=\"elementor-button elementor-button-link elementor-size-sm\" href=\"https:\/\/api.whatsapp.com\/send?phone=56935237407&#038;text=Hola%20locreamosdigital.com%20escribo%20porque%20me%20gustar\u00eda%20consultar%20sobre%20Google%20ADS:\" target=\"_blank\">\n\t\t\t\t\t\t<span class=\"elementor-button-content-wrapper\">\n\t\t\t\t\t\t<span class=\"elementor-button-icon\">\n\t\t\t\t<i aria-hidden=\"true\" class=\"fab fa-whatsapp\"><\/i>\t\t\t<\/span>\n\t\t\t\t\t\t\t\t\t<span class=\"elementor-button-text\">Consulta Directa Whatsapp<\/span>\n\t\t\t\t\t<\/span>\n\t\t\t\t\t<\/a>\n\t\t\t\t<\/div>\n\t\t\t\t\t\t<\/div>\n\t\t\t\t<\/div>\n\t\t\t\t\t<\/div>\n\t\t<\/div>\n\t\t\t\t\t<\/div>\n\t\t<\/section>\n\t\t\t\t<\/div>\n\t\t","protected":false},"excerpt":{"rendered":"<p>SERVICIO DESDE $ 30 us \/ CON PRESUPUESTO SUJETO A CLIC Optimizamos tu presencia en l\u00ednea con nuestro servicio de gesti\u00f3n de Google Ads Tu aliado en Google Ads B\u00fasqueda por Google con pago por clic (PPC): \u00bfQu\u00e9 es? Publicidad online donde pagas cada vez que alguien hace clic en tu anuncio. (Campa\u00f1as de b\u00fasqueda) [&hellip;]<\/p>\n","protected":false},"author":1,"featured_media":0,"parent":0,"menu_order":0,"comment_status":"closed","ping_status":"closed","template":"","meta":{"footnotes":""},"_links":{"self":[{"href":"https:\/\/locreamosdigital.com\/index.php\/wp-json\/wp\/v2\/pages\/42973"}],"collection":[{"href":"https:\/\/locreamosdigital.com\/index.php\/wp-json\/wp\/v2\/pages"}],"about":[{"href":"https:\/\/locreamosdigital.com\/index.php\/wp-json\/wp\/v2\/types\/page"}],"author":[{"embeddable":true,"href":"https:\/\/locreamosdigital.com\/index.php\/wp-json\/wp\/v2\/users\/1"}],"replies":[{"embeddable":true,"href":"https:\/\/locreamosdigital.com\/index.php\/wp-json\/wp\/v2\/comments?post=42973"}],"version-history":[{"count":31,"href":"https:\/\/locreamosdigital.com\/index.php\/wp-json\/wp\/v2\/pages\/42973\/revisions"}],"predecessor-version":[{"id":49691,"href":"https:\/\/locreamosdigital.com\/index.php\/wp-json\/wp\/v2\/pages\/42973\/revisions\/49691"}],"wp:attachment":[{"href":"https:\/\/locreamosdigital.com\/index.php\/wp-json\/wp\/v2\/media?parent=42973"}],"curies":[{"name":"wp","href":"https:\/\/api.w.org\/{rel}","templated":true}]}}