{"id":48783,"date":"2024-11-18T18:14:59","date_gmt":"2024-11-18T21:14:59","guid":{"rendered":"https:\/\/locreamosdigital.cl\/?page_id=48783"},"modified":"2025-03-05T05:56:11","modified_gmt":"2025-03-05T08:56:11","slug":"promociones","status":"publish","type":"page","link":"https:\/\/locreamosdigital.com\/index.php\/promociones\/","title":{"rendered":"Promociones"},"content":{"rendered":"\t\t<div data-elementor-type=\"wp-page\" data-elementor-id=\"48783\" class=\"elementor elementor-48783\" data-elementor-post-type=\"page\">\n\t\t\t\t\t\t<section class=\"elementor-section elementor-top-section elementor-element elementor-element-a9c1704 elementor-section-stretched elementor-section-boxed elementor-section-height-default elementor-section-height-default\" data-id=\"a9c1704\" data-element_type=\"section\" data-settings=\"{&quot;stretch_section&quot;:&quot;section-stretched&quot;,&quot;background_background&quot;:&quot;classic&quot;}\">\n\t\t\t\t\t\t<div class=\"elementor-container elementor-column-gap-default\">\n\t\t\t\t\t<div class=\"elementor-column elementor-col-100 elementor-top-column elementor-element elementor-element-bcd7be7\" data-id=\"bcd7be7\" data-element_type=\"column\">\n\t\t\t<div class=\"elementor-widget-wrap elementor-element-populated\">\n\t\t\t\t\t\t<div class=\"elementor-element elementor-element-69d7d2f elementor-widget elementor-widget-heading\" data-id=\"69d7d2f\" data-element_type=\"widget\" data-widget_type=\"heading.default\">\n\t\t\t\t<div class=\"elementor-widget-container\">\n\t\t\t<h3 class=\"elementor-heading-title elementor-size-default\">PROMOCIONES DEL MES DE MARZO 2025<\/h3>\t\t<\/div>\n\t\t\t\t<\/div>\n\t\t\t\t<div class=\"elementor-element elementor-element-d061340 elementor-widget elementor-widget-heading\" data-id=\"d061340\" data-element_type=\"widget\" data-widget_type=\"heading.default\">\n\t\t\t\t<div class=\"elementor-widget-container\">\n\t\t\t<h1 class=\"elementor-heading-title elementor-size-default\">PROMOCIONES VALIDA SOLO POR ESTE MES O HASTA AGOTAR EL CUPO<\/h1>\t\t<\/div>\n\t\t\t\t<\/div>\n\t\t\t\t\t<\/div>\n\t\t<\/div>\n\t\t\t\t\t<\/div>\n\t\t<\/section>\n\t\t\t\t<section class=\"elementor-section elementor-top-section elementor-element elementor-element-219e697 elementor-section-boxed elementor-section-height-default elementor-section-height-default\" data-id=\"219e697\" data-element_type=\"section\">\n\t\t\t\t\t\t<div class=\"elementor-container elementor-column-gap-default\">\n\t\t\t\t\t<div class=\"elementor-column elementor-col-100 elementor-top-column elementor-element elementor-element-a2f2417\" data-id=\"a2f2417\" data-element_type=\"column\">\n\t\t\t<div class=\"elementor-widget-wrap elementor-element-populated\">\n\t\t\t\t\t\t<div class=\"elementor-element elementor-element-c0221a8 elementor-widget elementor-widget-heading\" data-id=\"c0221a8\" data-element_type=\"widget\" data-widget_type=\"heading.default\">\n\t\t\t\t<div class=\"elementor-widget-container\">\n\t\t\t<h2 class=\"elementor-heading-title elementor-size-default\">PROMOCI\u00d3N VALIDA HASTA:<\/h2>\t\t<\/div>\n\t\t\t\t<\/div>\n\t\t\t\t\t<\/div>\n\t\t<\/div>\n\t\t\t\t\t<\/div>\n\t\t<\/section>\n\t\t\t\t<section class=\"elementor-section elementor-top-section elementor-element elementor-element-0882b24 elementor-section-boxed elementor-section-height-default elementor-section-height-default\" data-id=\"0882b24\" data-element_type=\"section\">\n\t\t\t\t\t\t<div class=\"elementor-container elementor-column-gap-default\">\n\t\t\t\t\t<div class=\"elementor-column elementor-col-100 elementor-top-column elementor-element elementor-element-966b3d6\" data-id=\"966b3d6\" data-element_type=\"column\">\n\t\t\t<div class=\"elementor-widget-wrap elementor-element-populated\">\n\t\t\t\t\t\t<div class=\"elementor-element elementor-element-7ec063c wew-tablet-countdown-column-4 wew-mobile-countdown-column-4 wew-countdown-label-block wew-countdown-align-center wew-countdown-column-4 elementor-widget elementor-widget-wew-countdown\" data-id=\"7ec063c\" data-element_type=\"widget\" data-widget_type=\"wew-countdown.default\">\n\t\t\t\t<div class=\"elementor-widget-container\">\n\t\t\t\n\t\t<div class=\"wew-countdown-wrap\" data-date=\"1743476340\">\n\t\t\t<div class=\"wew-countdown-item-wrap\"><div class=\"wew-countdown-item\"><span class=\"wew-countdown-number wew-countdown-days\"><\/span> <span class=\"wew-countdown-label\">DIAS<\/span><\/div><\/div><div class=\"wew-countdown-item-wrap\"><div class=\"wew-countdown-item\"><span class=\"wew-countdown-number wew-countdown-hours\"><\/span> <span class=\"wew-countdown-label\">HORAS<\/span><\/div><\/div><div class=\"wew-countdown-item-wrap\"><div class=\"wew-countdown-item\"><span class=\"wew-countdown-number wew-countdown-minutes\"><\/span> <span class=\"wew-countdown-label\">MINUTOS<\/span><\/div><\/div><div class=\"wew-countdown-item-wrap\"><div class=\"wew-countdown-item\"><span class=\"wew-countdown-number wew-countdown-seconds\"><\/span> <span class=\"wew-countdown-label\">SEGUNDOS<\/span><\/div><\/div>\t\t<\/div>\n\n\t\t\t<\/div>\n\t\t\t\t<\/div>\n\t\t\t\t\t<\/div>\n\t\t<\/div>\n\t\t\t\t\t<\/div>\n\t\t<\/section>\n\t\t\t\t<section class=\"elementor-section elementor-top-section elementor-element elementor-element-56f95b6 elementor-section-stretched elementor-section-boxed elementor-section-height-default elementor-section-height-default\" data-id=\"56f95b6\" data-element_type=\"section\" data-settings=\"{&quot;stretch_section&quot;:&quot;section-stretched&quot;}\">\n\t\t\t\t\t\t<div class=\"elementor-container elementor-column-gap-default\">\n\t\t\t\t\t<div class=\"elementor-column elementor-col-33 elementor-top-column elementor-element elementor-element-8a3dbaa\" data-id=\"8a3dbaa\" data-element_type=\"column\">\n\t\t\t<div class=\"elementor-widget-wrap elementor-element-populated\">\n\t\t\t\t\t\t<div class=\"elementor-element elementor-element-f352d05 elementor-widget elementor-widget-image\" data-id=\"f352d05\" data-element_type=\"widget\" data-widget_type=\"image.default\">\n\t\t\t\t<div class=\"elementor-widget-container\">\n\t\t\t\t\t\t\t\t\t\t\t\t\t<img fetchpriority=\"high\" decoding=\"async\" width=\"1024\" height=\"209\" src=\"https:\/\/locreamosdigital.com\/wp-content\/uploads\/2025\/02\/pagina-web-ladingpage-1-1024x209.jpg\" class=\"attachment-large size-large wp-image-49402\" alt=\"\" srcset=\"https:\/\/locreamosdigital.com\/wp-content\/uploads\/2025\/02\/pagina-web-ladingpage-1-1024x209.jpg 1024w, https:\/\/locreamosdigital.com\/wp-content\/uploads\/2025\/02\/pagina-web-ladingpage-1-300x61.jpg 300w, https:\/\/locreamosdigital.com\/wp-content\/uploads\/2025\/02\/pagina-web-ladingpage-1-768x157.jpg 768w, https:\/\/locreamosdigital.com\/wp-content\/uploads\/2025\/02\/pagina-web-ladingpage-1-600x123.jpg 600w, https:\/\/locreamosdigital.com\/wp-content\/uploads\/2025\/02\/pagina-web-ladingpage-1.jpg 1037w\" sizes=\"(max-width: 1024px) 100vw, 1024px\" \/>\t\t\t\t\t\t\t\t\t\t\t\t\t<\/div>\n\t\t\t\t<\/div>\n\t\t\t\t<div class=\"elementor-element elementor-element-f6fb171 elementor-widget elementor-widget-text-editor\" data-id=\"f6fb171\" data-element_type=\"widget\" data-widget_type=\"text-editor.default\">\n\t\t\t\t<div class=\"elementor-widget-container\">\n\t\t\t\t\t\t\t<div class=\"elementor-element elementor-element-45d3c18 elementor-widget elementor-widget-text-editor\" data-id=\"45d3c18\" data-element_type=\"widget\" data-widget_type=\"text-editor.default\"><div class=\"elementor-widget-container\"><p><strong>Paginas Web LadingPage<br \/><\/strong>GRATIS: HOSTING Y DOMINIO (1 A\u00d1O)<\/p><p>\u2705 100% Auto Administrables (Video general explicativo).<br \/>\u2705 Plataforma WordPress.<br \/>\u2705 Dominio por 1 A\u00f1o (nombre de la web) GRATIS.<br \/>\u2705 Hosting por 1 A\u00f1o (Lugar donde se aloja la web) GRATIS.<br \/>\u2705 Todo el Contenido y enlaces desde la pagina principal.<br \/>\u2705 1 Correos Corporativos.<br \/>\u2705 Dise\u00f1o atractivo y responsivo. Versi\u00f3n para PC, Tablet y M\u00f3viles.<br \/>\u2705 Bot\u00f3n directo a WhatsApp.<br \/>\u2705\u00a01\u00a0Formulario de contacto b\u00e1sico.<br \/>\u2705 Enlace directo a redes sociales.<br \/>\u2705 Mapa de ubicaci\u00f3n.<br \/>\u2705 Asistencia T\u00e9cnica B\u00e1sica.<br \/>\u2705 Video general del manejo de la plataforma.<br \/>\u2705 Copia de seguridad diaria, para restauraci\u00f3n del sitio web.<\/p><\/div><\/div>\t\t\t\t\t\t<\/div>\n\t\t\t\t<\/div>\n\t\t\t\t<div class=\"elementor-element elementor-element-d0a193a elementor-widget elementor-widget-text-editor\" data-id=\"d0a193a\" data-element_type=\"widget\" data-widget_type=\"text-editor.default\">\n\t\t\t\t<div class=\"elementor-widget-container\">\n\t\t\t\t\t\t\t<p><strong>DESDE $65 us<\/strong><\/p>\t\t\t\t\t\t<\/div>\n\t\t\t\t<\/div>\n\t\t\t\t<div class=\"elementor-element elementor-element-f64d99a elementor-widget__width-initial elementor-widget-mobile__width-initial button-more elementor-align-center elementor-widget-tablet__width-initial elementor-widget-laptop__width-initial elementor-widget elementor-widget-button\" data-id=\"f64d99a\" data-element_type=\"widget\" data-widget_type=\"button.default\">\n\t\t\t\t<div class=\"elementor-widget-container\">\n\t\t\t\t\t\t\t<div class=\"elementor-button-wrapper\">\n\t\t\t\t\t<a class=\"elementor-button elementor-button-link elementor-size-sm\" href=\"https:\/\/api.whatsapp.com\/send?phone=56935237407&#038;text=Hola%20locreamosdigital.com%20escribo%20porque%20me%20gustar\u00eda%20consultar%20sobre%20la%20Promoci\u00f3n%20de%20Paginas%20Web%20LadingPage:\" target=\"_blank\">\n\t\t\t\t\t\t<span class=\"elementor-button-content-wrapper\">\n\t\t\t\t\t\t<span class=\"elementor-button-icon\">\n\t\t\t\t<i aria-hidden=\"true\" class=\"fab fa-whatsapp\"><\/i>\t\t\t<\/span>\n\t\t\t\t\t\t\t\t\t<span class=\"elementor-button-text\">Consulta Directa Whatsapp<\/span>\n\t\t\t\t\t<\/span>\n\t\t\t\t\t<\/a>\n\t\t\t\t<\/div>\n\t\t\t\t\t\t<\/div>\n\t\t\t\t<\/div>\n\t\t\t\t\t<\/div>\n\t\t<\/div>\n\t\t\t\t<div class=\"elementor-column elementor-col-33 elementor-top-column elementor-element elementor-element-2f8e221\" data-id=\"2f8e221\" data-element_type=\"column\">\n\t\t\t<div class=\"elementor-widget-wrap elementor-element-populated\">\n\t\t\t\t\t\t<div class=\"elementor-element elementor-element-e75f307 elementor-widget elementor-widget-image\" data-id=\"e75f307\" data-element_type=\"widget\" data-widget_type=\"image.default\">\n\t\t\t\t<div class=\"elementor-widget-container\">\n\t\t\t\t\t\t\t\t\t\t\t\t\t<img decoding=\"async\" width=\"1024\" height=\"209\" src=\"https:\/\/locreamosdigital.com\/wp-content\/uploads\/2025\/02\/creacion-de-campana-para-redes-sociales-1024x209.jpg\" class=\"attachment-large size-large wp-image-49435\" alt=\"\" srcset=\"https:\/\/locreamosdigital.com\/wp-content\/uploads\/2025\/02\/creacion-de-campana-para-redes-sociales-1024x209.jpg 1024w, https:\/\/locreamosdigital.com\/wp-content\/uploads\/2025\/02\/creacion-de-campana-para-redes-sociales-300x61.jpg 300w, https:\/\/locreamosdigital.com\/wp-content\/uploads\/2025\/02\/creacion-de-campana-para-redes-sociales-768x157.jpg 768w, https:\/\/locreamosdigital.com\/wp-content\/uploads\/2025\/02\/creacion-de-campana-para-redes-sociales-600x123.jpg 600w, https:\/\/locreamosdigital.com\/wp-content\/uploads\/2025\/02\/creacion-de-campana-para-redes-sociales.jpg 1037w\" sizes=\"(max-width: 1024px) 100vw, 1024px\" \/>\t\t\t\t\t\t\t\t\t\t\t\t\t<\/div>\n\t\t\t\t<\/div>\n\t\t\t\t<div class=\"elementor-element elementor-element-393843e elementor-widget elementor-widget-text-editor\" data-id=\"393843e\" data-element_type=\"widget\" data-widget_type=\"text-editor.default\">\n\t\t\t\t<div class=\"elementor-widget-container\">\n\t\t\t\t\t\t\t<p><strong>Nuestros Servicios:<br \/><\/strong>CREACI\u00d3N PROFESIONAL DE:<\/p><p>\u2705 2 Post Publicitario Relacionados.<br \/>\u2705 2 History Relacionadas.<br \/>\u2705 2 Reels de 30 seg c\/u.<br \/>\u2705 Envi\u00f3 al Email.<br \/>\u2705 Dise\u00f1o atractivo para Versi\u00f3n\u00a0 M\u00f3viles 16:9.<br \/>\u2705 Para usar en redes sociales.<br \/>\u2705 Agregados seg\u00fan especificaciones del cliente.<br \/>\u2705 Asistencia y recomendaciones.<br \/>\u2705 Recomendaci\u00f3n de Montaje para el mes.<br \/>\u2705 Todo el material creado es sobre una misma base (Relacionados).<\/p>\t\t\t\t\t\t<\/div>\n\t\t\t\t<\/div>\n\t\t\t\t<div class=\"elementor-element elementor-element-a8ff2ee elementor-widget elementor-widget-text-editor\" data-id=\"a8ff2ee\" data-element_type=\"widget\" data-widget_type=\"text-editor.default\">\n\t\t\t\t<div class=\"elementor-widget-container\">\n\t\t\t\t\t\t\t<p><strong>DESDE $25 us<\/strong><\/p>\t\t\t\t\t\t<\/div>\n\t\t\t\t<\/div>\n\t\t\t\t<div class=\"elementor-element elementor-element-bcfb365 elementor-widget__width-initial elementor-widget-mobile__width-initial button-more elementor-align-center elementor-widget-tablet__width-initial elementor-widget-laptop__width-initial elementor-widget elementor-widget-button\" data-id=\"bcfb365\" data-element_type=\"widget\" data-widget_type=\"button.default\">\n\t\t\t\t<div class=\"elementor-widget-container\">\n\t\t\t\t\t\t\t<div class=\"elementor-button-wrapper\">\n\t\t\t\t\t<a class=\"elementor-button elementor-button-link elementor-size-sm\" href=\"https:\/\/api.whatsapp.com\/send?phone=56935237407&#038;text=Hola%20locreamosdigital.com%20escribo%20porque%20me%20gustar\u00eda%20consultar%20sobre%20la%20creaci\u00f3n%20de%20la%20campa\u00f1a%20de%202%20para%20Redes%20Sociales:\" target=\"_blank\">\n\t\t\t\t\t\t<span class=\"elementor-button-content-wrapper\">\n\t\t\t\t\t\t<span class=\"elementor-button-icon\">\n\t\t\t\t<i aria-hidden=\"true\" class=\"fab fa-whatsapp\"><\/i>\t\t\t<\/span>\n\t\t\t\t\t\t\t\t\t<span class=\"elementor-button-text\">Consulta Directa Whatsapp<\/span>\n\t\t\t\t\t<\/span>\n\t\t\t\t\t<\/a>\n\t\t\t\t<\/div>\n\t\t\t\t\t\t<\/div>\n\t\t\t\t<\/div>\n\t\t\t\t\t<\/div>\n\t\t<\/div>\n\t\t\t\t<div class=\"elementor-column elementor-col-33 elementor-top-column elementor-element elementor-element-9af2731\" data-id=\"9af2731\" data-element_type=\"column\">\n\t\t\t<div class=\"elementor-widget-wrap elementor-element-populated\">\n\t\t\t\t\t\t<div class=\"elementor-element elementor-element-982d737 elementor-widget elementor-widget-image\" data-id=\"982d737\" data-element_type=\"widget\" data-widget_type=\"image.default\">\n\t\t\t\t<div class=\"elementor-widget-container\">\n\t\t\t\t\t\t\t\t\t\t\t\t\t<img decoding=\"async\" width=\"1024\" height=\"209\" src=\"https:\/\/locreamosdigital.com\/wp-content\/uploads\/2025\/02\/pagina-web-ecommerce-1-1024x209.jpg\" class=\"attachment-large size-large wp-image-49404\" alt=\"\" srcset=\"https:\/\/locreamosdigital.com\/wp-content\/uploads\/2025\/02\/pagina-web-ecommerce-1-1024x209.jpg 1024w, https:\/\/locreamosdigital.com\/wp-content\/uploads\/2025\/02\/pagina-web-ecommerce-1-300x61.jpg 300w, https:\/\/locreamosdigital.com\/wp-content\/uploads\/2025\/02\/pagina-web-ecommerce-1-768x157.jpg 768w, https:\/\/locreamosdigital.com\/wp-content\/uploads\/2025\/02\/pagina-web-ecommerce-1-600x123.jpg 600w, https:\/\/locreamosdigital.com\/wp-content\/uploads\/2025\/02\/pagina-web-ecommerce-1.jpg 1037w\" sizes=\"(max-width: 1024px) 100vw, 1024px\" \/>\t\t\t\t\t\t\t\t\t\t\t\t\t<\/div>\n\t\t\t\t<\/div>\n\t\t\t\t<div class=\"elementor-element elementor-element-ebc821d elementor-widget elementor-widget-text-editor\" data-id=\"ebc821d\" data-element_type=\"widget\" data-widget_type=\"text-editor.default\">\n\t\t\t\t<div class=\"elementor-widget-container\">\n\t\t\t\t\t\t\t<p><strong>Paginas Web Ecommerce<br \/><\/strong>GRATIS: HOSTING Y DOMINIO (1 A\u00d1O)<\/p><p>\u2705 100% Auto Administrables (Video general explicativo).<br \/>\u2705 Plataforma WordPress.<br \/>\u2705 Dominio por 1 A\u00f1o (nombre de la web) GRATIS.<br \/>\u2705 Hosting por 1 A\u00f1o (Lugar donde se aloja la web) GRATIS.<br \/>\u2705 Con carrito de compra y sistema de pago directo.<br \/>\u2705 Sin limite de productos para ingresar, con sistema de inventario.<br \/>\u2705 2 Paginas Secundarias.<br \/>\u2705 1 Correos Corporativos.<br \/>\u2705 Dise\u00f1o atractivo y responsivo. Versi\u00f3n para PC, Tablet y M\u00f3viles.<br \/>\u2705 Bot\u00f3n directo a WhatsApp.<br \/>\u2705 Comunicaci\u00f3n directa online.<br \/>\u2705\u00a01\u00a0Formulario de contacto b\u00e1sico.<br \/>\u2705 Enlace directo a redes sociales.<br \/>\u2705 Mapa de ubicaci\u00f3n.<br \/>\u2705 Asistencia T\u00e9cnica B\u00e1sica.<br \/>\u2705 Video general del manejo de la plataforma.<br \/>\u2705 Copia de seguridad diaria, para restauraci\u00f3n del sitio web.<\/p>\t\t\t\t\t\t<\/div>\n\t\t\t\t<\/div>\n\t\t\t\t<div class=\"elementor-element elementor-element-e804733 elementor-widget elementor-widget-text-editor\" data-id=\"e804733\" data-element_type=\"widget\" data-widget_type=\"text-editor.default\">\n\t\t\t\t<div class=\"elementor-widget-container\">\n\t\t\t\t\t\t\t<p><strong>DESDE $100 us<\/strong><\/p>\t\t\t\t\t\t<\/div>\n\t\t\t\t<\/div>\n\t\t\t\t<div class=\"elementor-element elementor-element-c13d6b8 elementor-widget__width-initial elementor-widget-mobile__width-initial button-more elementor-align-center elementor-widget-tablet__width-initial elementor-widget-laptop__width-initial elementor-widget elementor-widget-button\" data-id=\"c13d6b8\" data-element_type=\"widget\" data-widget_type=\"button.default\">\n\t\t\t\t<div class=\"elementor-widget-container\">\n\t\t\t\t\t\t\t<div class=\"elementor-button-wrapper\">\n\t\t\t\t\t<a class=\"elementor-button elementor-button-link elementor-size-sm\" href=\"https:\/\/api.whatsapp.com\/send?phone=56935237407&#038;text=Hola%20locreamosdigital.com%20escribo%20porque%20me%20gustar\u00eda%20consultar%20sobre%20la%20Promoci\u00f3n%20de%20Tienda%20Online:\" target=\"_blank\">\n\t\t\t\t\t\t<span class=\"elementor-button-content-wrapper\">\n\t\t\t\t\t\t<span class=\"elementor-button-icon\">\n\t\t\t\t<i aria-hidden=\"true\" class=\"fab fa-whatsapp\"><\/i>\t\t\t<\/span>\n\t\t\t\t\t\t\t\t\t<span class=\"elementor-button-text\">Consulta Directa Whatsapp<\/span>\n\t\t\t\t\t<\/span>\n\t\t\t\t\t<\/a>\n\t\t\t\t<\/div>\n\t\t\t\t\t\t<\/div>\n\t\t\t\t<\/div>\n\t\t\t\t\t<\/div>\n\t\t<\/div>\n\t\t\t\t\t<\/div>\n\t\t<\/section>\n\t\t\t\t<\/div>\n\t\t","protected":false},"excerpt":{"rendered":"<p>PROMOCIONES DEL MES DE MARZO 2025 PROMOCIONES VALIDA SOLO POR ESTE MES O HASTA AGOTAR EL CUPO PROMOCI\u00d3N VALIDA HASTA: DIAS HORAS MINUTOS SEGUNDOS Paginas Web LadingPageGRATIS: HOSTING Y DOMINIO (1 A\u00d1O) \u2705 100% Auto Administrables (Video general explicativo).\u2705 Plataforma WordPress.\u2705 Dominio por 1 A\u00f1o (nombre de la web) GRATIS.\u2705 Hosting por 1 A\u00f1o (Lugar [&hellip;]<\/p>\n","protected":false},"author":1,"featured_media":0,"parent":0,"menu_order":0,"comment_status":"closed","ping_status":"closed","template":"","meta":{"footnotes":""},"_links":{"self":[{"href":"https:\/\/locreamosdigital.com\/index.php\/wp-json\/wp\/v2\/pages\/48783"}],"collection":[{"href":"https:\/\/locreamosdigital.com\/index.php\/wp-json\/wp\/v2\/pages"}],"about":[{"href":"https:\/\/locreamosdigital.com\/index.php\/wp-json\/wp\/v2\/types\/page"}],"author":[{"embeddable":true,"href":"https:\/\/locreamosdigital.com\/index.php\/wp-json\/wp\/v2\/users\/1"}],"replies":[{"embeddable":true,"href":"https:\/\/locreamosdigital.com\/index.php\/wp-json\/wp\/v2\/comments?post=48783"}],"version-history":[{"count":22,"href":"https:\/\/locreamosdigital.com\/index.php\/wp-json\/wp\/v2\/pages\/48783\/revisions"}],"predecessor-version":[{"id":49735,"href":"https:\/\/locreamosdigital.com\/index.php\/wp-json\/wp\/v2\/pages\/48783\/revisions\/49735"}],"wp:attachment":[{"href":"https:\/\/locreamosdigital.com\/index.php\/wp-json\/wp\/v2\/media?parent=48783"}],"curies":[{"name":"wp","href":"https:\/\/api.w.org\/{rel}","templated":true}]}}