{"id":39061,"date":"2023-07-21T17:12:03","date_gmt":"2023-07-21T17:12:03","guid":{"rendered":"https:\/\/locreamosdigital.cl\/?post_type=product&#038;p=39061"},"modified":"2024-11-25T12:37:07","modified_gmt":"2024-11-25T15:37:07","slug":"creacion-de-paginas-web-medio","status":"publish","type":"product","link":"https:\/\/locreamosdigital.com\/index.php\/product\/creacion-de-paginas-web-medio\/","title":{"rendered":"Creaci\u00f3n de Paginas Web Profesional &#8211; MEDIO"},"content":{"rendered":"<p><strong>Nuestros Servicios:<br \/>\n<\/strong>INCLUYE: HOSTING Y DOMINIO (1 A\u00d1O)<\/p>\n<p>\u2705 100% Auto Administrables (Video general explicativo).<br \/>\n\u2705 Plataforma WordPress.<br \/>\n\u2705 Dominio por 1 A\u00f1o (Ejemplo: tunombre.cl).<br \/>\n\u2705 Hosting por 1 A\u00f1o (Lugar donde se aloja la web).<br \/>\n\u2705 Pagina de Inicio + <span style=\"color: red;\"> 4 <\/span> Paginas Secundarias.<br \/>\n\u2705 <span style=\"color: red;\"> 3 <\/span> Correos Corporativos.<br \/>\n\u2705 Dise\u00f1o atractivo y responsivo. Versi\u00f3n para PC, Tablet y M\u00f3viles.<br \/>\n\u2705 Bot\u00f3n directo a WhatsApp.<br \/>\n\u2705 <span style=\"color: red;\">2 <\/span> Formulario de contacto b\u00e1sico.<br \/>\n\u2705 Enlace directo a redes sociales.<br \/>\n\u2705 Mapa de ubicaci\u00f3n.<br \/>\n\u2705 Galer\u00eda de im\u00e1genes.<br \/>\n\u2705 Asistencia T\u00e9cnica B\u00e1sica.<br \/>\n\u2705 <span style=\"color: red;\">Video general <\/span> del manejo de la plataforma.<\/p>\n<p>\u2705 1er Pago 50% para iniciar el trabajo.<br \/>\n\u2705 2do Pago 50% al finalizar\u00a0 el\u00a0 trabajo, (antes de entregar la clave y usuario de ingreso al portal y videos).<\/p>\n<p>Tiempo de Entrega: 3 a 5 d\u00edas h\u00e1biles despu\u00e9s de entregado todo el material por el cliente.<\/p>\n<p><a href=\"https:\/\/locreamosdigital.com\/index.php\/politicas-de-pago\/\"><em><strong>VER: POLITICAS DE PAGO<\/strong><\/em><\/a><\/p>\n","protected":false},"excerpt":{"rendered":"<h2 style=\"text-align: center;\"><span style=\"color: red;\">ESTE PAGO ES EL 50% (Para iniciar el trabajo).<br \/>\n<\/span><span style=\"color: red;\">PRECIO TOTAL: $180<\/span><\/h2>\n<h2 style=\"text-align: center;\"><i>Paga solo el 50% al iniciar &#8211; El otro 50% al concluir<\/i><\/h2>\n<p style=\"text-align: center;\">\n","protected":false},"featured_media":48814,"comment_status":"open","ping_status":"closed","template":"","meta":[],"product_cat":[91,92,111],"product_tag":[93,123,94],"_links":{"self":[{"href":"https:\/\/locreamosdigital.com\/index.php\/wp-json\/wp\/v2\/product\/39061"}],"collection":[{"href":"https:\/\/locreamosdigital.com\/index.php\/wp-json\/wp\/v2\/product"}],"about":[{"href":"https:\/\/locreamosdigital.com\/index.php\/wp-json\/wp\/v2\/types\/product"}],"replies":[{"embeddable":true,"href":"https:\/\/locreamosdigital.com\/index.php\/wp-json\/wp\/v2\/comments?post=39061"}],"wp:featuredmedia":[{"embeddable":true,"href":"https:\/\/locreamosdigital.com\/index.php\/wp-json\/wp\/v2\/media\/48814"}],"wp:attachment":[{"href":"https:\/\/locreamosdigital.com\/index.php\/wp-json\/wp\/v2\/media?parent=39061"}],"wp:term":[{"taxonomy":"product_cat","embeddable":true,"href":"https:\/\/locreamosdigital.com\/index.php\/wp-json\/wp\/v2\/product_cat?post=39061"},{"taxonomy":"product_tag","embeddable":true,"href":"https:\/\/locreamosdigital.com\/index.php\/wp-json\/wp\/v2\/product_tag?post=39061"}],"curies":[{"name":"wp","href":"https:\/\/api.w.org\/{rel}","templated":true}]}}