{"id":39223,"date":"2023-07-25T20:24:05","date_gmt":"2023-07-25T20:24:05","guid":{"rendered":"https:\/\/locreamosdigital.cl\/?post_type=product&#038;p=39223"},"modified":"2024-12-28T09:07:56","modified_gmt":"2024-12-28T12:07:56","slug":"tiendamedio","status":"publish","type":"product","link":"https:\/\/locreamosdigital.com\/index.php\/product\/tiendamedio\/","title":{"rendered":"Creaci\u00f3n de Tienda Online &#8211; Web Ecommerce Profesional &#8211; Medio"},"content":{"rendered":"<p><strong>EXCELENTE PARA VENDER ONLINE Y MOSTRAR LOS SERVICIOS:<\/strong><br \/>\n<strong>INCLUYE: HOSTING Y DOMINIO (1 A\u00d1O)<\/strong><\/p>\n<p>\u2705 100% Auto Administrables.<br \/>\n\u2705 Plataforma WooCommerce de WordPress.<br \/>\n\u2705 Dominio (1 A\u00f1o).<br \/>\n\u2705 Hosting (1 A\u00f1o).<br \/>\n\u2705 Sin Limites de Productos para que puedas agregar (Enviamos video de como agregar productos).<br \/>\n\u2705 <span style=\"color: red;\">25 <\/span> Productos Agregados por nosotros, con Galer\u00eda de im\u00e1genes, Categor\u00eda, etiquetas, enlace a video youtube y m\u00e1s.<br \/>\n\u2705 Gesti\u00f3n de inventario.<br \/>\n\u2705 Carrito de Compra.<br \/>\n\u2705 Sistema de pago (Tarjetas, Mercado Pago, Paypal, Transferencias).<br \/>\n\u2705 Pagina Inicio + <span style=\"color: red;\">4<\/span> Paginas Secundarias.<br \/>\n\u2705 <span style=\"color: red;\">3<\/span> Correos Corporativos.<br \/>\n\u2705 Dise\u00f1o atractivo y responsivo. Versi\u00f3n para PC, Tablet y M\u00f3viles.<br \/>\n\u2705 Bot\u00f3n directo a WhatsApp.<br \/>\n\u2705 <span style=\"color: red;\">2<\/span> Formulario de contacto.<br \/>\n\u2705 Enlace directo a redes sociales.<br \/>\n\u2705 Mapa de ubicaci\u00f3n google maps.<br \/>\n\u2705 Galer\u00eda de im\u00e1genes.<br \/>\n\u2705 Asistencia T\u00e9cnica.<br \/>\n\u2705 Video general explicativo del manejo de la plataforma y agregado de productos.<\/p>\n<p>\u2705 1er Pago 50% para iniciar el trabajo.<br \/>\n\u2705 2do Pago 50% al finalizar el\u00a0 trabajo.<br \/>\n<em><a href=\"https:\/\/locreamosdigital.com\/index.php\/politicas-de-pago\/\"><strong>VER POLITICAS DE PAGO<\/strong><\/a><\/em><\/p>\n<p>Tiempo de Entrega: 3 a 5 d\u00edas h\u00e1biles despu\u00e9s de entregado todo el material por el cliente.<\/p>\n","protected":false},"excerpt":{"rendered":"<h2 style=\"text-align: center;\"><span style=\"color: red;\">ESTE PAGO ES EL 50% (Para iniciar el trabajo).<br \/>\n<\/span><span style=\"color: red;\">PRECIO TOTAL: $150<\/span><\/h2>\n<h2 style=\"text-align: center;\"><i>Paga solo el 50% al iniciar &#8211; El otro 50% al concluir<\/i><\/h2>\n","protected":false},"featured_media":49206,"comment_status":"open","ping_status":"closed","template":"","meta":[],"product_cat":[91,114,115,92,113,111],"product_tag":[93,94],"_links":{"self":[{"href":"https:\/\/locreamosdigital.com\/index.php\/wp-json\/wp\/v2\/product\/39223"}],"collection":[{"href":"https:\/\/locreamosdigital.com\/index.php\/wp-json\/wp\/v2\/product"}],"about":[{"href":"https:\/\/locreamosdigital.com\/index.php\/wp-json\/wp\/v2\/types\/product"}],"replies":[{"embeddable":true,"href":"https:\/\/locreamosdigital.com\/index.php\/wp-json\/wp\/v2\/comments?post=39223"}],"wp:featuredmedia":[{"embeddable":true,"href":"https:\/\/locreamosdigital.com\/index.php\/wp-json\/wp\/v2\/media\/49206"}],"wp:attachment":[{"href":"https:\/\/locreamosdigital.com\/index.php\/wp-json\/wp\/v2\/media?parent=39223"}],"wp:term":[{"taxonomy":"product_cat","embeddable":true,"href":"https:\/\/locreamosdigital.com\/index.php\/wp-json\/wp\/v2\/product_cat?post=39223"},{"taxonomy":"product_tag","embeddable":true,"href":"https:\/\/locreamosdigital.com\/index.php\/wp-json\/wp\/v2\/product_tag?post=39223"}],"curies":[{"name":"wp","href":"https:\/\/api.w.org\/{rel}","templated":true}]}}