{"id":39224,"date":"2023-07-25T20:30:05","date_gmt":"2023-07-25T20:30:05","guid":{"rendered":"https:\/\/locreamosdigital.cl\/?post_type=product&#038;p=39224"},"modified":"2024-11-20T10:54:39","modified_gmt":"2024-11-20T13:54:39","slug":"creacion-de-tienda-basico","status":"publish","type":"product","link":"https:\/\/locreamosdigital.com\/index.php\/product\/creacion-de-tienda-basico\/","title":{"rendered":"Creaci\u00f3n de Tienda Online &#8211; Web Ecommerce Profesional &#8211; B\u00e1sica"},"content":{"rendered":"<h3><strong>Nuestros Servicios:<br \/>\n<\/strong>INCLUYE: HOSTING\u00a0 (1 A\u00d1O)<\/h3>\n<p>\u2705 100% Auto Administrables.<br \/>\n\u2705 Plataforma WooCommerce de WordPress.<br \/>\n\u2705 Hosting (1 A\u00f1o).<br \/>\n\u2705 <span style=\"color: red;\">Sin Limites de Productos<\/span> para que puedas agregar (Enviamos video de como agregar productos).<br \/>\n\u2705 <span style=\"color: red;\">10 <\/span> Productos Agregados por nosotros, con Galer\u00eda de im\u00e1genes, Categor\u00eda, etiquetas, enlace a video youtube y m\u00e1s.<br \/>\n\u2705 Gesti\u00f3n de inventario.<br \/>\n\u2705 Carrito de Compra.<br \/>\n\u2705 Sistema de pago (Tarjetas, Mercado Pago, Paypal, Transferencias).<br \/>\n\u2705 Pagina Inicio + <span style=\"color: red;\">3<\/span> Paginas Secundarias.<br \/>\n\u2705 <span style=\"color: red;\">1<\/span> Correos Corporativos.<br \/>\n\u2705 Dise\u00f1o atractivo y responsivo. Versi\u00f3n para PC, Tablet y M\u00f3viles.<br \/>\n\u2705 Bot\u00f3n directo a WhatsApp.<br \/>\n\u2705 <span style=\"color: red;\">1<\/span> Formulario de contacto.<br \/>\n\u2705 Enlace directo a redes sociales.<br \/>\n\u2705 Mapa de ubicaci\u00f3n google maps.<br \/>\n\u2705 Galer\u00eda de im\u00e1genes.<br \/>\n\u2705 Asistencia T\u00e9cnica.<br \/>\n\u2705 Video general explicativo del manejo de la plataforma y agregado de productos.<\/p>\n<p>\u2705 1er Pago 50% para iniciar el trabajo.<br \/>\n\u2705 2do Pago 50% al finalizar el\u00a0 trabajo.<br \/>\n<em><a href=\"https:\/\/locreamosdigital.com\/index.php\/politicas-de-pago\/\"><strong>VER POLITICAS DE PAGO<\/strong><\/a><\/em><\/p>\n<p>Tiempo de Entrega: 5 d\u00edas h\u00e1biles despu\u00e9s de entregado todo el material por el cliente.<\/p>\n","protected":false},"excerpt":{"rendered":"<h2 style=\"text-align: center;\"><span style=\"color: red;\">ESTE PAGO ES EL 50% (Para iniciar el trabajo).<br \/>\n<\/span><span style=\"color: red;\">PRECIO TOTAL: $100<\/span><\/h2>\n","protected":false},"featured_media":48848,"comment_status":"open","ping_status":"closed","template":"","meta":[],"product_cat":[91,114,115,92,164,113,111],"product_tag":[93,117,94,118],"_links":{"self":[{"href":"https:\/\/locreamosdigital.com\/index.php\/wp-json\/wp\/v2\/product\/39224"}],"collection":[{"href":"https:\/\/locreamosdigital.com\/index.php\/wp-json\/wp\/v2\/product"}],"about":[{"href":"https:\/\/locreamosdigital.com\/index.php\/wp-json\/wp\/v2\/types\/product"}],"replies":[{"embeddable":true,"href":"https:\/\/locreamosdigital.com\/index.php\/wp-json\/wp\/v2\/comments?post=39224"}],"wp:featuredmedia":[{"embeddable":true,"href":"https:\/\/locreamosdigital.com\/index.php\/wp-json\/wp\/v2\/media\/48848"}],"wp:attachment":[{"href":"https:\/\/locreamosdigital.com\/index.php\/wp-json\/wp\/v2\/media?parent=39224"}],"wp:term":[{"taxonomy":"product_cat","embeddable":true,"href":"https:\/\/locreamosdigital.com\/index.php\/wp-json\/wp\/v2\/product_cat?post=39224"},{"taxonomy":"product_tag","embeddable":true,"href":"https:\/\/locreamosdigital.com\/index.php\/wp-json\/wp\/v2\/product_tag?post=39224"}],"curies":[{"name":"wp","href":"https:\/\/api.w.org\/{rel}","templated":true}]}}