{"id":39526,"date":"2023-07-27T16:52:37","date_gmt":"2023-07-27T16:52:37","guid":{"rendered":"https:\/\/locreamosdigital.cl\/?post_type=product&#038;p=39526"},"modified":"2024-11-20T11:55:08","modified_gmt":"2024-11-20T14:55:08","slug":"hosting-basico","status":"publish","type":"product","link":"https:\/\/locreamosdigital.com\/index.php\/product\/hosting-basico\/","title":{"rendered":"Hosting B\u00e1sico"},"content":{"rendered":"<p data-v-f671ac7a=\"\">HOSTING B\u00c1SICO X 1 A\u00d1O &#8211; Si desea por mas tiempo Contactarnos.<\/p>\n<p class=\"h-pricing-card__feature-title t-body-4\" data-v-f671ac7a=\"\">Funciones principales<\/p>\n<div class=\"h-plan-feature\" dir=\"ltr\" data-v-0be99a4e=\"\" data-v-f671ac7a=\"\">\n<div class=\"h-plan-feature__content\" data-v-0be99a4e=\"\">\n<div class=\"t-body-3 h-plan-feature__content-text\" data-v-0be99a4e=\"\"><b>&#8211; 1<\/b>\u00a0Sitio web<\/div>\n<\/div>\n<div class=\"h-plan-feature__tooltip\" data-v-0be99a4e=\"\">&#8211; Rendimiento <b>est\u00e1ndar<\/b><\/div>\n<\/div>\n<div class=\"h-plan-feature\" dir=\"ltr\" data-v-0be99a4e=\"\" data-v-f671ac7a=\"\">\n<div class=\"h-plan-feature__content\" data-v-0be99a4e=\"\">\n<div class=\"t-body-3 h-plan-feature__content-text\" data-v-0be99a4e=\"\"><b>&#8211; 50 GB<\/b>\u00a0de SSD<\/div>\n<\/div>\n<\/div>\n<div class=\"h-plan-feature\" dir=\"ltr\" data-v-0be99a4e=\"\" data-v-f671ac7a=\"\">\n<div class=\"h-plan-feature__content\" data-v-0be99a4e=\"\">\n<div class=\"t-body-3 h-plan-feature__content-text\" data-v-0be99a4e=\"\">&#8211; Copias de seguridad <b>semanales<\/b><\/div>\n<\/div>\n<div class=\"h-plan-feature__tooltip\" data-v-0be99a4e=\"\"><b>&#8211; 1<\/b>\u00a0cuenta de email<\/div>\n<\/div>\n<div class=\"h-plan-feature\" dir=\"ltr\" data-v-0be99a4e=\"\" data-v-f671ac7a=\"\">\n<div class=\"h-plan-feature__content\" data-v-0be99a4e=\"\">\n<div class=\"t-body-3 h-plan-feature__content-text\" data-v-0be99a4e=\"\">&#8211; SSL <b>ilimitado<\/b>\u00a0gratis<\/div>\n<\/div>\n<div class=\"h-plan-feature__tooltip\" data-v-0be99a4e=\"\">&#8211; Ancho de banda <b>ilimitado<\/b><\/div>\n<\/div>\n<div class=\"h-plan-feature\" dir=\"ltr\" data-v-0be99a4e=\"\" data-v-f671ac7a=\"\">\n<div data-v-0be99a4e=\"\">\n<p class=\"h-pricing-card__feature-title t-body-4\" data-v-f671ac7a=\"\">&#8211; WordPress hosting gestionado<\/p>\n<div class=\"h-plan-feature\" dir=\"ltr\" data-v-0be99a4e=\"\" data-v-f671ac7a=\"\">\n<div class=\"h-plan-feature__content\" data-v-0be99a4e=\"\">\n<div class=\"t-body-3 h-plan-feature__content-text\" data-v-0be99a4e=\"\"><strong>Optimizaci\u00f3n de WooCommerce\u00a0b\u00e1sica<\/strong><\/div>\n<\/div>\n<\/div>\n<div class=\"h-plan-feature\" dir=\"ltr\" data-v-0be99a4e=\"\" data-v-f671ac7a=\"\">\n<div class=\"h-plan-feature__content\" data-v-0be99a4e=\"\">\n<div class=\"t-body-3 h-plan-feature__content-text\" data-v-0be99a4e=\"\"><strong>Migraci\u00f3n autom\u00e1tica y gratis\u00a0de sitios web<\/strong><\/div>\n<\/div>\n<div class=\"h-plan-feature__tooltip\" data-v-0be99a4e=\"\"><\/div>\n<\/div>\n<div class=\"h-plan-feature\" dir=\"ltr\" data-v-0be99a4e=\"\" data-v-f671ac7a=\"\">\n<div class=\"h-plan-feature__content\" data-v-0be99a4e=\"\">\n<div class=\"t-body-3 h-plan-feature__content-text\" data-v-0be99a4e=\"\">&#8211; Instalaci\u00f3n de WordPress <b>con 1 clic<\/b>\u00a0gratis<\/div>\n<\/div>\n<\/div>\n<div class=\"h-plan-feature\" dir=\"ltr\" data-v-0be99a4e=\"\" data-v-f671ac7a=\"\">\n<div class=\"h-plan-feature__content\" data-v-0be99a4e=\"\">\n<div class=\"t-body-3 h-plan-feature__content-text\" data-v-0be99a4e=\"\">&#8211; Aceleraci\u00f3n de <b>WordPress<\/b>\u00a0(LiteSpeed)<\/div>\n<\/div>\n<div class=\"h-plan-feature__tooltip\" data-v-0be99a4e=\"\">&#8211; Actualizaciones autom\u00e1ticas <b>WordPress<\/b><\/div>\n<\/div>\n<div class=\"h-plan-feature\" dir=\"ltr\" data-v-0be99a4e=\"\" data-v-f671ac7a=\"\">\n<div class=\"h-plan-feature__content\" data-v-0be99a4e=\"\">\n<div class=\"t-body-3 h-plan-feature__content-text\" data-v-0be99a4e=\"\">&#8211; Esc\u00e1ner de vulnerabilidades de <b>WordPress<\/b><\/div>\n<\/div>\n<div data-v-0be99a4e=\"\">\n<p class=\"h-pricing-card__feature-title t-body-4\" data-v-f671ac7a=\"\"><em><strong>Creador de sitios web sin c\u00f3digo<\/strong><\/em><br \/>\n&#8211; Creador de sitios web de <b>arrastrar y soltar<br \/>\n<\/b><strong>&#8211; <\/strong>Creaci\u00f3n de sitios web con IA<br \/>\n+200 plantillas creadas por dise\u00f1adores<br \/>\n&#8211; Google Analytics integrado<br \/>\n&#8211; Integraciones de marketing<\/p>\n<div class=\"h-plan-feature\" dir=\"ltr\" data-v-0be99a4e=\"\" data-v-f671ac7a=\"\">\n<div class=\"h-plan-feature__content\" data-v-0be99a4e=\"\">\n<div class=\"t-body-3 h-plan-feature__content-text\" data-v-0be99a4e=\"\">&#8211; Creador de logos con <b>IA<\/b><\/div>\n<\/div>\n<\/div>\n<div class=\"h-plan-feature\" dir=\"ltr\" data-v-0be99a4e=\"\" data-v-f671ac7a=\"\">\n<div class=\"h-plan-feature__content\" data-v-0be99a4e=\"\">\n<div class=\"t-body-3 h-plan-feature__content-text\" data-v-0be99a4e=\"\">&#8211; Herramienta de redacci\u00f3n con <b>IA<\/b><\/div>\n<\/div>\n<\/div>\n<div class=\"h-plan-feature\" dir=\"ltr\" data-v-0be99a4e=\"\" data-v-f671ac7a=\"\">\n<div class=\"h-plan-feature__content\" data-v-0be99a4e=\"\">\n<div class=\"t-body-3 h-plan-feature__content-text\" data-v-0be99a4e=\"\">&#8211; Mapas de calor con <b>IA<\/b><\/div>\n<\/div>\n<\/div>\n<div class=\"h-plan-feature\" dir=\"ltr\" data-v-0be99a4e=\"\" data-v-f671ac7a=\"\">\n<div class=\"h-plan-feature__content\" data-v-0be99a4e=\"\">\n<div class=\"t-body-3 h-plan-feature__content-text\" data-v-0be99a4e=\"\">\n<p>&#8211; Optimizaciones SEO con <b>IA<\/b><\/p>\n<p>&nbsp;<\/p>\n<\/div>\n<\/div>\n<div data-v-0be99a4e=\"\">\n<p class=\"h-pricing-card__feature-title t-body-4\" data-v-f671ac7a=\"\"><em><strong>Seguridad<\/strong><\/em><\/p>\n<div class=\"h-plan-feature\" dir=\"ltr\" data-v-0be99a4e=\"\" data-v-f671ac7a=\"\">\n<div class=\"h-plan-feature__content\" data-v-0be99a4e=\"\">\n<div class=\"t-body-3 h-plan-feature__content-text\" data-v-0be99a4e=\"\">&#8211; Protecci\u00f3n DDoS <b>est\u00e1ndar<\/b><\/div>\n<\/div>\n<\/div>\n<div class=\"h-plan-feature\" dir=\"ltr\" data-v-0be99a4e=\"\" data-v-f671ac7a=\"\">\n<div class=\"h-plan-feature__content\" data-v-0be99a4e=\"\">\n<div class=\"t-body-3 h-plan-feature__content-text\" data-v-0be99a4e=\"\">&#8211; Firewall de <b>aplicaciones web<\/b><\/div>\n<\/div>\n<\/div>\n<div class=\"h-plan-feature\" dir=\"ltr\" data-v-0be99a4e=\"\" data-v-f671ac7a=\"\">\n<div class=\"h-plan-feature__content\" data-v-0be99a4e=\"\">\n<div class=\"t-body-3 h-plan-feature__content-text\" data-v-0be99a4e=\"\">&#8211; Protecci\u00f3n de nameservers <b>Cloudflare<\/b><\/div>\n<\/div>\n<div class=\"h-plan-feature__tooltip\" data-v-0be99a4e=\"\"><\/div>\n<\/div>\n<div class=\"h-plan-feature\" dir=\"ltr\" data-v-0be99a4e=\"\" data-v-f671ac7a=\"\">\n<div class=\"h-plan-feature__content\" data-v-0be99a4e=\"\">\n<div class=\"t-body-3 h-plan-feature__content-text\" data-v-0be99a4e=\"\"><em><strong>Esc\u00e1ner de\u00a0malware<\/strong><\/em><\/div>\n<\/div>\n<\/div>\n<div class=\"h-plan-feature\" dir=\"ltr\" data-v-0be99a4e=\"\" data-v-f671ac7a=\"\">\n<div class=\"h-plan-feature__content\" data-v-0be99a4e=\"\">\n<div class=\"t-body-3 h-plan-feature__content-text\" data-v-0be99a4e=\"\">&#8211; Administrador de acceso <b>seguro<\/b><\/div>\n<\/div>\n<div data-v-0be99a4e=\"\">\n<p class=\"h-pricing-card__feature-title t-body-4\" data-v-f671ac7a=\"\">&#8211; Servicio y soporte<br \/>\n<strong>&#8211; Garant\u00eda de 30 D\u00cdAS de reembolso<\/strong><br \/>\n&#8211; Garant\u00eda de <b>99.9 %<\/b> de uptime<br \/>\n&#8211; Centros de datos <b>globales<br \/>\n<\/b>&#8211; Soporte <b>24\/7<\/b><\/p>\n<\/div>\n<div class=\"h-plan-feature\" dir=\"ltr\" data-v-0be99a4e=\"\" data-v-f671ac7a=\"\">\n<p data-v-f671ac7a=\"\">\u00bfQUE ES UN HOSTING?<\/p>\n<\/div>\n<p>El hosting de una p\u00e1gina web se refiere al servicio de alojamiento web que proporciona un servidor o espacio en un servidor para almacenar los archivos y datos relacionados con un sitio web. Cuando creas un sitio web, los archivos de tu sitio, como las p\u00e1ginas web, las im\u00e1genes, los videos, las bases de datos y otros recursos, deben residir en un servidor conectado a internet para que las personas puedan acceder a ellos a trav\u00e9s de la World Wide Web.<\/p>\n<p>El proceso funciona de la siguiente manera:<\/p>\n<p>1. Adquisici\u00f3n del hosting: Primero, debes elegir un proveedor de servicios de hosting web y suscribirte a un plan que se adapte a tus necesidades. Los proveedores de hosting ofrecen una variedad de opciones, que van desde servicios compartidos (donde varios sitios web comparten un servidor) hasta servidores dedicados (donde tienes un servidor completo para tu sitio web).<\/p>\n<p>2. Configuraci\u00f3n del dominio: Una vez que tengas el servicio de hosting, necesitar\u00e1s asociar tu dominio (la direcci\u00f3n web de tu sitio, como www.tusitio.com) con el servidor de hosting. Esto se hace a trav\u00e9s de la configuraci\u00f3n de los registros DNS (Sistema de Nombres de Dominio).<\/p>\n<p>3. Subida de archivos: Despu\u00e9s de configurar el dominio, puedes cargar tus archivos de sitio web en el servidor de hosting. Esto generalmente se hace a trav\u00e9s de un cliente FTP (Protocolo de Transferencia de Archivos) o un panel de control proporcionado por el proveedor de hosting.<\/p>\n<p>4. Acceso p\u00fablico: Una vez que los archivos est\u00e1n en el servidor de hosting, tu sitio web estar\u00e1 en l\u00ednea y ser\u00e1 accesible para cualquier persona con acceso a internet mediante la direcci\u00f3n de dominio que hayas configurado.<\/p>\n<p>El hosting web es esencial para que un sitio web est\u00e9 disponible y funcione en l\u00ednea de manera constante. Los diferentes proveedores de hosting ofrecen una variedad de caracter\u00edsticas y niveles de rendimiento, por lo que es importante elegir uno que se adapte a las necesidades espec\u00edficas de tu sitio web, ya sea un sitio web peque\u00f1o personal, un blog, una tienda en l\u00ednea o una aplicaci\u00f3n web m\u00e1s compleja.<\/p>\n<\/div>\n<\/div>\n<\/div>\n<\/div>\n<\/div>\n<\/div>\n<\/div>\n","protected":false},"excerpt":{"rendered":"<p>HOSTING B\u00c1SICO X 1 A\u00d1O &#8211; Si desea por mas tiempo Contactarnos.<\/p>\n","protected":false},"featured_media":40957,"comment_status":"open","ping_status":"closed","template":"","meta":[],"product_cat":[114,115,92,113,111],"product_tag":[117,94,118,110],"_links":{"self":[{"href":"https:\/\/locreamosdigital.com\/index.php\/wp-json\/wp\/v2\/product\/39526"}],"collection":[{"href":"https:\/\/locreamosdigital.com\/index.php\/wp-json\/wp\/v2\/product"}],"about":[{"href":"https:\/\/locreamosdigital.com\/index.php\/wp-json\/wp\/v2\/types\/product"}],"replies":[{"embeddable":true,"href":"https:\/\/locreamosdigital.com\/index.php\/wp-json\/wp\/v2\/comments?post=39526"}],"wp:featuredmedia":[{"embeddable":true,"href":"https:\/\/locreamosdigital.com\/index.php\/wp-json\/wp\/v2\/media\/40957"}],"wp:attachment":[{"href":"https:\/\/locreamosdigital.com\/index.php\/wp-json\/wp\/v2\/media?parent=39526"}],"wp:term":[{"taxonomy":"product_cat","embeddable":true,"href":"https:\/\/locreamosdigital.com\/index.php\/wp-json\/wp\/v2\/product_cat?post=39526"},{"taxonomy":"product_tag","embeddable":true,"href":"https:\/\/locreamosdigital.com\/index.php\/wp-json\/wp\/v2\/product_tag?post=39526"}],"curies":[{"name":"wp","href":"https:\/\/api.w.org\/{rel}","templated":true}]}}