{"id":40252,"date":"2023-08-11T03:44:54","date_gmt":"2023-08-11T03:44:54","guid":{"rendered":"https:\/\/locreamosdigital.cl\/?post_type=product&#038;p=40252"},"modified":"2024-11-20T11:56:38","modified_gmt":"2024-11-20T14:56:38","slug":"basico-redes-sociales-facebookeinstagram","status":"publish","type":"product","link":"https:\/\/locreamosdigital.com\/index.php\/product\/basico-redes-sociales-facebookeinstagram\/","title":{"rendered":"Creaci\u00f3n Profesional de Redes Sociales (Facebook e Instagram)"},"content":{"rendered":"<p>\u2705 100% Auto Administrables.<br \/>\n\u2705 Creaci\u00f3n profesional de Pagina de Facebook e Instagram.<br \/>\n\u2705 Dise\u00f1o de Portada Facebook Responsiva para PC, Tablet y Tel\u00e9fono.<br \/>\n\u2705 Creaci\u00f3n de 5 Historias destacadas interactivas (Iconos Principales).<br \/>\n<img decoding=\"async\" class=\"alignnone size-medium wp-image-44519\" src=\"http:\/\/locreamosdigital.cl\/wp-content\/uploads\/2023\/08\/Iconos-Para-historias-principales-de-instagram-300x71.png\" alt=\"\" width=\"300\" height=\"71\" srcset=\"https:\/\/locreamosdigital.com\/wp-content\/uploads\/2023\/08\/Iconos-Para-historias-principales-de-instagram-300x71.png 300w, https:\/\/locreamosdigital.com\/wp-content\/uploads\/2023\/08\/Iconos-Para-historias-principales-de-instagram-600x143.png 600w, https:\/\/locreamosdigital.com\/wp-content\/uploads\/2023\/08\/Iconos-Para-historias-principales-de-instagram.png 668w\" sizes=\"(max-width: 300px) 100vw, 300px\" \/><br \/>\n\u2705 Configuraci\u00f3n: Conexi\u00f3n entre ambas redes, p\u00e1gina web y WhatsApp Business.<br \/>\n<img fetchpriority=\"high\" decoding=\"async\" class=\"alignnone size-medium wp-image-44517\" src=\"http:\/\/locreamosdigital.cl\/wp-content\/uploads\/2023\/08\/Conexion-entre-redes-y-whatsapp-300x235.jpg\" alt=\"\" width=\"300\" height=\"235\" srcset=\"https:\/\/locreamosdigital.com\/wp-content\/uploads\/2023\/08\/Conexion-entre-redes-y-whatsapp-300x235.jpg 300w, https:\/\/locreamosdigital.com\/wp-content\/uploads\/2023\/08\/Conexion-entre-redes-y-whatsapp-600x470.jpg 600w, https:\/\/locreamosdigital.com\/wp-content\/uploads\/2023\/08\/Conexion-entre-redes-y-whatsapp.jpg 605w\" sizes=\"(max-width: 300px) 100vw, 300px\" \/><br \/>\n\u2705 Contenido: 3 post de inicio con 3 historias relacionadas y 3 reels de inicio.<br \/>\n\u2705 Presencia org\u00e1nica: Programaci\u00f3n manual de publicaciones ofrecidas para mantener las redes activas.<br \/>\n\u2705 Campa\u00f1a paga: 30 d\u00edas de publicidad por Facebook ADS (Facebook e Instagram).<br \/>\n\u2705 Automatizaci\u00f3n: Respuesta autom\u00e1tica dirigiendo al p\u00fablico a WhatsApp Business.<br \/>\n\u2705 Informe final: Resumen de la campa\u00f1a.<br \/>\n\u2705 1er Pago 50% para iniciar el trabajo.<br \/>\n\u2705 2do Pago 50% al finalizar\u00a0 el\u00a0 trabajo, (antes de generar la publicidad paga).<br \/>\n\u2705 Tiempo de entrega: 4 d\u00edas h\u00e1biles despu\u00e9s de recibir la informaci\u00f3n del cliente.<\/p>\n<p><a href=\"https:\/\/locreamosdigital.com\/index.php\/politicas-de-pago\/\"><em><strong>VER: POLITICAS DE PAGO<\/strong><\/em><\/a><\/p>\n","protected":false},"excerpt":{"rendered":"<h2 style=\"text-align: center;\"><span style=\"color: red;\">ESTE PAGO ES EL 50% (Para iniciar el trabajo).<br \/>\n<\/span><span style=\"color: red;\">PRECIO TOTAL: $100<\/span><\/h2>\n<h2 style=\"text-align: center;\"><i>Paga solo el 50% al iniciar &#8211; El otro 50% al concluir<\/i><\/h2>\n<p>&nbsp;<\/p>\n","protected":false},"featured_media":43761,"comment_status":"open","ping_status":"closed","template":"","meta":[],"product_cat":[130,127,138,139,131,137,126,136,128,129],"product_tag":[133,194,196,195,197,199,201,200,198,90,134],"_links":{"self":[{"href":"https:\/\/locreamosdigital.com\/index.php\/wp-json\/wp\/v2\/product\/40252"}],"collection":[{"href":"https:\/\/locreamosdigital.com\/index.php\/wp-json\/wp\/v2\/product"}],"about":[{"href":"https:\/\/locreamosdigital.com\/index.php\/wp-json\/wp\/v2\/types\/product"}],"replies":[{"embeddable":true,"href":"https:\/\/locreamosdigital.com\/index.php\/wp-json\/wp\/v2\/comments?post=40252"}],"wp:featuredmedia":[{"embeddable":true,"href":"https:\/\/locreamosdigital.com\/index.php\/wp-json\/wp\/v2\/media\/43761"}],"wp:attachment":[{"href":"https:\/\/locreamosdigital.com\/index.php\/wp-json\/wp\/v2\/media?parent=40252"}],"wp:term":[{"taxonomy":"product_cat","embeddable":true,"href":"https:\/\/locreamosdigital.com\/index.php\/wp-json\/wp\/v2\/product_cat?post=40252"},{"taxonomy":"product_tag","embeddable":true,"href":"https:\/\/locreamosdigital.com\/index.php\/wp-json\/wp\/v2\/product_tag?post=40252"}],"curies":[{"name":"wp","href":"https:\/\/api.w.org\/{rel}","templated":true}]}}