{"id":40746,"date":"2023-09-14T14:15:40","date_gmt":"2023-09-14T14:15:40","guid":{"rendered":"https:\/\/locreamosdigital.cl\/?post_type=product&#038;p=40746"},"modified":"2024-11-21T08:02:45","modified_gmt":"2024-11-21T11:02:45","slug":"pack-diseno-fiestas","status":"publish","type":"product","link":"https:\/\/locreamosdigital.com\/index.php\/product\/pack-diseno-fiestas\/","title":{"rendered":"Creaci\u00f3n de Dise\u00f1o Profesional para Fiestas de Cumplea\u00f1os"},"content":{"rendered":"<div class=\"elementor-element elementor-element-19b0952 elementor-widget__width-initial elementor-widget elementor-widget-text-editor\" data-id=\"19b0952\" data-element_type=\"widget\" data-widget_type=\"text-editor.default\">\n<div class=\"elementor-widget-container\">\n<div class=\"elementor-element elementor-element-bc563d1 elementor-widget__width-initial elementor-widget elementor-widget-text-editor\" data-id=\"bc563d1\" data-element_type=\"widget\" data-widget_type=\"text-editor.default\">\n<div class=\"elementor-widget-container\">\n<div class=\"elementor-element elementor-element-19b0952 elementor-widget__width-initial elementor-widget elementor-widget-text-editor\" data-id=\"19b0952\" data-element_type=\"widget\" data-widget_type=\"text-editor.default\">\n<div class=\"elementor-widget-container\">\n<div class=\"elementor-element elementor-element-387013b elementor-widget__width-initial elementor-widget elementor-widget-text-editor\" data-id=\"387013b\" data-element_type=\"widget\" data-widget_type=\"text-editor.default\">\n<div class=\"elementor-widget-container\">\n<div class=\"elementor-element elementor-element-ee2df47 elementor-widget__width-initial elementor-widget elementor-widget-text-editor\" data-id=\"ee2df47\" data-element_type=\"widget\" data-widget_type=\"text-editor.default\">\n<div class=\"elementor-widget-container\">\n<div class=\"elementor-element elementor-element-35dbe19 elementor-widget__width-initial elementor-widget elementor-widget-text-editor\" data-id=\"35dbe19\" data-element_type=\"widget\" data-widget_type=\"text-editor.default\">\n<div class=\"elementor-widget-container\"><strong>Nombre del Servicio:<\/strong> Pack de Fiesta Personalizado<\/div>\n<div><\/div>\n<\/div>\n<\/div>\n<\/div>\n<\/div>\n<\/div>\n<\/div>\n<\/div>\n<\/div>\n<\/div>\n<\/div>\n<\/div>\n<p><strong>Descripci\u00f3n del Servicio:<\/strong><\/p>\n<p>En \u00abLo Creamos Digital,\u00bb entendemos lo importante que es para ti que tus eventos sean \u00fanicos y memorables. Por eso, hemos creado nuestro \u00abPack de Fiesta Personalizado,\u00bb dise\u00f1ado para agregar un toque especial a tus celebraciones. Este paquete incluye la creaci\u00f3n de dise\u00f1os de entradas tanto digitales como impresas, con dos opciones para que elijas la que mejor se adapte a tus necesidades.<\/p>\n<p><strong>Lo que incluye el Pack de Fiesta Personalizado:<\/strong><\/p>\n<ol>\n<li><strong>Creaci\u00f3n de Dise\u00f1o de Entradas Digital e Impresa:<\/strong> Ofrecemos la creaci\u00f3n de dise\u00f1os de entradas personalizados (<strong>2 Opciones a Escoger)<\/strong>, dise\u00f1ados para reflejar el tema y estilo de tu fiesta. Ya sea una boda, un cumplea\u00f1os, una graduaci\u00f3n o cualquier otro evento, nuestras entradas har\u00e1n que tus invitados se sientan emocionados desde el momento en que las vean.<\/li>\n<li><strong>1 Video de Invitaci\u00f3n:<\/strong> Para compartir por cualquier Medio Digital.<\/li>\n<li><strong>Elementos Gr\u00e1ficos Complejos:<\/strong> Nuestro equipo de dise\u00f1adores altamente capacitados se encargar\u00e1 de crear elementos gr\u00e1ficos complejos que har\u00e1n que tus entradas destaquen. Desde ilustraciones personalizadas hasta detalles \u00fanicos, nos aseguramos de que tus invitados queden impresionados.<\/li>\n<li><strong>Creaci\u00f3n de 1 Dise\u00f1o de Pend\u00f3n:<\/strong> Adem\u00e1s de las entradas, tambi\u00e9n dise\u00f1aremos un pend\u00f3n personalizado que puedes usar para decorar tu evento del tama\u00f1o que solicite. Este pend\u00f3n ser\u00e1 coherente con el dise\u00f1o de tus entradas y a\u00f1adir\u00e1 un toque de elegancia a la decoraci\u00f3n de tu fiesta.<\/li>\n<li><strong>Creaci\u00f3n de 1 Dise\u00f1o de Stickers:<\/strong> Para completar la experiencia, te proporcionamos un dise\u00f1o de stickers que puedes usar como un detalle especial en tus invitaciones, regalos o decoraci\u00f3n. Los stickers ser\u00e1n dise\u00f1ados de acuerdo con el tema de tu fiesta y tama\u00f1o seg\u00fan tu necesidad.<\/li>\n<\/ol>\n<p><strong>Formatos de Entrega:<\/strong><\/p>\n<p>Te entregaremos los dise\u00f1os en los siguientes formatos para tu comodidad:<\/p>\n<ul>\n<li><strong>JPG:<\/strong> Ideal para compartir en l\u00ednea o en redes sociales.<\/li>\n<li><strong>PNG:<\/strong> Con transparencia de fondo para aplicaciones vers\u00e1tiles.<\/li>\n<li><strong>PDF:<\/strong> Perfecto para la impresi\u00f3n de alta calidad.<\/li>\n<\/ul>\n<p><strong>Correcciones y Revisi\u00f3n:<\/strong><\/p>\n<p>Estamos comprometidos a brindarte el mejor servicio. Si necesitas correcciones o ajustes en los dise\u00f1os, estamos dispuestos a hacer las correcciones necesarias para asegurarnos de que est\u00e9s completamente satisfecho con el resultado final.<\/p>\n<p>En \u00abLo Creamos Digital,\u00bb estamos listos para hacer que tu fiesta sea un evento inolvidable. Cont\u00e1ctanos hoy mismo para discutir tus ideas y comenzar a dise\u00f1ar tus entradas y elementos gr\u00e1ficos personalizados.<\/p>\n<p>\u00a1Deja que tu fiesta sea \u00fanica con nuestros servicios de dise\u00f1o personalizado!<\/p>\n","protected":false},"excerpt":{"rendered":"<p><strong>incluye :<\/strong><\/p>\n<ol>\n<li><strong>Creaci\u00f3n de Dise\u00f1o de Entradas Digital e Impresa (2 Opciones a Escoger).<\/strong><\/li>\n<li><b>Video de Invitaci\u00f3n<\/b>. <a href=\"https:\/\/locreamosdigital.com\/index.php\/muestras\/#invitaciones\" target=\"_blank\" rel=\"noopener\"><strong>[VER\u00a0 MUESTRA]<\/strong><\/a><\/li>\n<li><strong>Creaci\u00f3n de 1 Dise\u00f1o de Pend\u00f3n.<\/strong><\/li>\n<li><strong>Creaci\u00f3n de 1 Dise\u00f1o de Stickers.<\/strong><\/li>\n<\/ol>\n","protected":false},"featured_media":40741,"comment_status":"open","ping_status":"closed","template":"","meta":[],"product_cat":[141,135,153,145,150,154,151,152],"product_tag":[147,149,148],"_links":{"self":[{"href":"https:\/\/locreamosdigital.com\/index.php\/wp-json\/wp\/v2\/product\/40746"}],"collection":[{"href":"https:\/\/locreamosdigital.com\/index.php\/wp-json\/wp\/v2\/product"}],"about":[{"href":"https:\/\/locreamosdigital.com\/index.php\/wp-json\/wp\/v2\/types\/product"}],"replies":[{"embeddable":true,"href":"https:\/\/locreamosdigital.com\/index.php\/wp-json\/wp\/v2\/comments?post=40746"}],"wp:featuredmedia":[{"embeddable":true,"href":"https:\/\/locreamosdigital.com\/index.php\/wp-json\/wp\/v2\/media\/40741"}],"wp:attachment":[{"href":"https:\/\/locreamosdigital.com\/index.php\/wp-json\/wp\/v2\/media?parent=40746"}],"wp:term":[{"taxonomy":"product_cat","embeddable":true,"href":"https:\/\/locreamosdigital.com\/index.php\/wp-json\/wp\/v2\/product_cat?post=40746"},{"taxonomy":"product_tag","embeddable":true,"href":"https:\/\/locreamosdigital.com\/index.php\/wp-json\/wp\/v2\/product_tag?post=40746"}],"curies":[{"name":"wp","href":"https:\/\/api.w.org\/{rel}","templated":true}]}}