{"id":41306,"date":"2023-11-10T15:53:57","date_gmt":"2023-11-10T15:53:57","guid":{"rendered":"https:\/\/locreamosdigital.cl\/?post_type=product&#038;p=41306"},"modified":"2025-05-03T05:07:21","modified_gmt":"2025-05-03T09:07:21","slug":"carta-de-comida","status":"publish","type":"product","link":"https:\/\/locreamosdigital.com\/index.php\/product\/carta-de-comida\/","title":{"rendered":"Creaci\u00f3n de Men\u00fa o Carta para establecimientos de Comida"},"content":{"rendered":"<div class=\"elementor-element elementor-element-19b0952 elementor-widget__width-initial elementor-widget elementor-widget-text-editor\" data-id=\"19b0952\" data-element_type=\"widget\" data-widget_type=\"text-editor.default\">\n<div class=\"elementor-widget-container\">\n<div class=\"elementor-element elementor-element-bc563d1 elementor-widget__width-initial elementor-widget elementor-widget-text-editor\" data-id=\"bc563d1\" data-element_type=\"widget\" data-widget_type=\"text-editor.default\">\n<div class=\"elementor-widget-container\">\n<div class=\"elementor-element elementor-element-19b0952 elementor-widget__width-initial elementor-widget elementor-widget-text-editor\" data-id=\"19b0952\" data-element_type=\"widget\" data-widget_type=\"text-editor.default\">\n<div class=\"elementor-widget-container\">\n<div class=\"elementor-element elementor-element-387013b elementor-widget__width-initial elementor-widget elementor-widget-text-editor\" data-id=\"387013b\" data-element_type=\"widget\" data-widget_type=\"text-editor.default\">\n<div class=\"elementor-widget-container\">\n<div class=\"elementor-element elementor-element-ee2df47 elementor-widget__width-initial elementor-widget elementor-widget-text-editor\" data-id=\"ee2df47\" data-element_type=\"widget\" data-widget_type=\"text-editor.default\">\n<div class=\"elementor-widget-container\">\n<div class=\"elementor-element elementor-element-35dbe19 elementor-widget__width-initial elementor-widget elementor-widget-text-editor\" data-id=\"35dbe19\" data-element_type=\"widget\" data-widget_type=\"text-editor.default\">\n<div class=\"elementor-widget-container\">\n<p><strong>Servicios Profesionales de Creaci\u00f3n de Cartas o Men\u00fas de Comida<\/strong><\/p>\n<p>Nos complace ofrecerle nuestros servicios especializados en la creaci\u00f3n de Cartas o Men\u00fas de Comida, brindando una presentaci\u00f3n visualmente atractiva y profesional que destaque la identidad \u00fanica de su establecimiento.<\/p>\n<p><strong>Contenido Entregado por el Cliente:<\/strong> Trabajamos estrechamente con usted para incorporar todos los elementos gr\u00e1ficos complejos proporcionados, asegur\u00e1ndonos de reflejar fielmente la esencia de su marca.<\/p>\n<p><strong>Dise\u00f1o Personalizado:<\/strong> Nuestro equipo de dise\u00f1adores se encargar\u00e1 de crear una hoja o lado, adaptado al tama\u00f1o seg\u00fan su necesidad como al igual se puede adaptar al tama\u00f1o de pend\u00f3n publicitario, que capturar\u00e1 la atenci\u00f3n de sus clientes y resaltar\u00e1 los platos y bebidas m\u00e1s destacados de su men\u00fa.<\/p>\n<p><strong>Formatos de Entrega:<\/strong> Entendemos la importancia de la versatilidad en la presentaci\u00f3n. Por ello, le ofrecemos los formatos m\u00e1s comunes para su conveniencia: JPG, PNG y PDF. Nos esforzamos por garantizar que la calidad gr\u00e1fica se mantenga impecable en cada formato.<\/p>\n<p><strong>Correcciones Ilimitadas:<\/strong> Su satisfacci\u00f3n es nuestra prioridad. Realizamos las correcciones necesarias hasta que el dise\u00f1o final cumpla con sus expectativas y refleje la identidad \u00fanica de su establecimiento.<\/p>\n<p><strong>Proceso Transparente:<\/strong> Le mantendremos informado\/a durante todo el proceso de dise\u00f1o, asegur\u00e1ndonos de que cada detalle sea aprobado por usted antes de finalizar el proyecto.<\/p>\n<p>Para discutir m\u00e1s a fondo sus necesidades y proporcionarle un presupuesto personalizado, no dude en ponerse en contacto con nosotros. Estamos ansiosos de colaborar con usted para realzar la presentaci\u00f3n de su men\u00fa y atraer a nuevos clientes.<\/p>\n<\/div>\n<\/div>\n<\/div>\n<\/div>\n<\/div>\n<\/div>\n<\/div>\n<\/div>\n<\/div>\n<\/div>\n<\/div>\n<\/div>\n","protected":false},"excerpt":{"rendered":"<p><i class=\"fas fa-check\"><\/i> Creaci\u00f3n de Carta o Men\u00fa de Comida.<br \/>\n&#8211; Contenido Entregado por el Cliente.<br \/>\n&#8211; Elementos Gr\u00e1ficos Complejo.<br \/>\n&#8211; Creaci\u00f3n de 1 Hoja o Lado como muestra la imagen.<br \/>\n&#8211; Adaptado al tama\u00f1o seg\u00fan sus requerimientos.<br \/>\n&#8211; Formatos de entrega: JPG &#8211; PNG &#8211; PDF<\/p>\n<p>Se Puede Agregar mas hojas (Costo Adicional).<\/p>\n<p><i class=\"fas fa-check\"><\/i> SE HACEN LAS CORRECCIONES NECESARIOS.<\/p>\n","protected":false},"featured_media":41304,"comment_status":"open","ping_status":"closed","template":"","meta":[],"product_cat":[141,135,159,145,150,154,151],"product_tag":[161,162,160],"_links":{"self":[{"href":"https:\/\/locreamosdigital.com\/index.php\/wp-json\/wp\/v2\/product\/41306"}],"collection":[{"href":"https:\/\/locreamosdigital.com\/index.php\/wp-json\/wp\/v2\/product"}],"about":[{"href":"https:\/\/locreamosdigital.com\/index.php\/wp-json\/wp\/v2\/types\/product"}],"replies":[{"embeddable":true,"href":"https:\/\/locreamosdigital.com\/index.php\/wp-json\/wp\/v2\/comments?post=41306"}],"wp:featuredmedia":[{"embeddable":true,"href":"https:\/\/locreamosdigital.com\/index.php\/wp-json\/wp\/v2\/media\/41304"}],"wp:attachment":[{"href":"https:\/\/locreamosdigital.com\/index.php\/wp-json\/wp\/v2\/media?parent=41306"}],"wp:term":[{"taxonomy":"product_cat","embeddable":true,"href":"https:\/\/locreamosdigital.com\/index.php\/wp-json\/wp\/v2\/product_cat?post=41306"},{"taxonomy":"product_tag","embeddable":true,"href":"https:\/\/locreamosdigital.com\/index.php\/wp-json\/wp\/v2\/product_tag?post=41306"}],"curies":[{"name":"wp","href":"https:\/\/api.w.org\/{rel}","templated":true}]}}