{"id":41547,"date":"2024-01-18T21:53:05","date_gmt":"2024-01-18T21:53:05","guid":{"rendered":"https:\/\/locreamosdigital.cl\/?post_type=product&#038;p=41547"},"modified":"2024-11-20T06:05:21","modified_gmt":"2024-11-20T09:05:21","slug":"ladingpage","status":"publish","type":"product","link":"https:\/\/locreamosdigital.com\/index.php\/product\/ladingpage\/","title":{"rendered":"Creaci\u00f3n de Pagina Web profesional &#8211; LadingPage"},"content":{"rendered":"<p><strong>Nuestros Servicios:<br \/>\n<\/strong>INCLUYE: DOMINIO Y HOSTING (1 A\u00d1O)<\/p>\n<p>\u2705 100% Auto Administrables (Video general explicativo).<br \/>\n\u2705 Plataforma WordPress.<br \/>\n\u2705 Dominio por 1 A\u00f1o (Nombre de la web).<br \/>\n\u2705 Hosting por 1 A\u00f1o (Lugar donde se aloja la web).<br \/>\n\u2705 Todo el contenido en la pagina principal.<br \/>\n\u2705 <span style=\"color: red;\"> 1 <\/span> Correos Corporativos.<br \/>\n\u2705 Dise\u00f1o atractivo y responsivo. Versi\u00f3n para PC, Tablet y M\u00f3viles.<br \/>\n\u2705 Bot\u00f3n directo a WhatsApp.<br \/>\n\u2705 <span style=\"color: red;\">1 <\/span> Formulario de contacto b\u00e1sico.<br \/>\n\u2705 Enlace directo a redes sociales.<br \/>\n\u2705 Mapa de ubicaci\u00f3n.<br \/>\n\u2705 Asistencia T\u00e9cnica B\u00e1sica.<br \/>\n\u2705 <span style=\"color: red;\">Video general <\/span> del manejo de la plataforma.<\/p>\n<p>\u2705 1er Pago 50% para iniciar el trabajo.<br \/>\n\u2705 2do Pago 50% al finalizar el\u00a0 trabajo.<\/p>\n<p>Tiempo de Entrega: 3 d\u00edas h\u00e1biles despu\u00e9s de entregado todo el material por el cliente.<\/p>\n<p><em><a href=\"https:\/\/locreamosdigital.com\/index.php\/politicas-de-pago\/\"><strong>VER POLITICAS DE PAGO<\/strong><\/a><\/em><\/p>\n","protected":false},"excerpt":{"rendered":"<h2 style=\"text-align: center;\"><span style=\"color: red;\">ESTE PAGO ES EL 50% (Para iniciar el trabajo).<br \/>\n<\/span><span style=\"color: red;\">PRECIO TOTAL: $70<\/span><\/h2>\n","protected":false},"featured_media":48815,"comment_status":"open","ping_status":"closed","template":"","meta":[],"product_cat":[91,167,92,164,111],"product_tag":[93,168,94],"_links":{"self":[{"href":"https:\/\/locreamosdigital.com\/index.php\/wp-json\/wp\/v2\/product\/41547"}],"collection":[{"href":"https:\/\/locreamosdigital.com\/index.php\/wp-json\/wp\/v2\/product"}],"about":[{"href":"https:\/\/locreamosdigital.com\/index.php\/wp-json\/wp\/v2\/types\/product"}],"replies":[{"embeddable":true,"href":"https:\/\/locreamosdigital.com\/index.php\/wp-json\/wp\/v2\/comments?post=41547"}],"wp:featuredmedia":[{"embeddable":true,"href":"https:\/\/locreamosdigital.com\/index.php\/wp-json\/wp\/v2\/media\/48815"}],"wp:attachment":[{"href":"https:\/\/locreamosdigital.com\/index.php\/wp-json\/wp\/v2\/media?parent=41547"}],"wp:term":[{"taxonomy":"product_cat","embeddable":true,"href":"https:\/\/locreamosdigital.com\/index.php\/wp-json\/wp\/v2\/product_cat?post=41547"},{"taxonomy":"product_tag","embeddable":true,"href":"https:\/\/locreamosdigital.com\/index.php\/wp-json\/wp\/v2\/product_tag?post=41547"}],"curies":[{"name":"wp","href":"https:\/\/api.w.org\/{rel}","templated":true}]}}