{"id":42670,"date":"2024-02-29T19:45:56","date_gmt":"2024-02-29T19:45:56","guid":{"rendered":"https:\/\/locreamosdigital.cl\/?post_type=product&#038;p=42670"},"modified":"2025-01-25T07:52:24","modified_gmt":"2025-01-25T10:52:24","slug":"videos-de-boda","status":"publish","type":"product","link":"https:\/\/locreamosdigital.com\/index.php\/product\/videos-de-boda\/","title":{"rendered":"Videos de Bodas"},"content":{"rendered":"<p><strong>Nuestros Servicios INCLUYE:<br \/>\n<\/strong><br \/>\n\u2705\u00a0<strong>Formato Personalizado<\/strong>: Video en formatos MP4\u00a0 vertical env\u00edo por WhatsApp.<br \/>\n\u2705\u00a0<strong>Duraci\u00f3n Adecuada<\/strong>: Videos breves y llamativos, entre 30 y 60 segundos, ideales para env\u00edo por WhatsApp.<br \/>\n\u2705\u00a0<strong>Dise\u00f1o Tem\u00e1tico<\/strong>: Adaptaci\u00f3n del dise\u00f1o al tema de la Boda.<br \/>\n\u2705\u00a0<strong>Animaciones Creativas<\/strong>: Uso de transiciones, efectos y animaciones din\u00e1micas para un video atractivo.<br \/>\n\u2705\u00a0<strong>Texto Personalizado<\/strong>: Inclusi\u00f3n de nombre del cumplea\u00f1ero\/a, fecha, hora, lugar y otros detalles relevantes.<br \/>\n\u2705\u00a0<strong>M\u00fasica Rom\u00e1ntica<\/strong>: M\u00fasica romantica adecuada al tema, con opciones libres de derechos de autor.<br \/>\n\u2705\u00a0<strong>Elementos Gr\u00e1ficos<\/strong>: Agregado de stickers, \u00edconos y gr\u00e1ficos alusivos al tema de la boda.<br \/>\n\u2705\u00a0<strong>Im\u00e1genes y Clips<\/strong>: Integraci\u00f3n de fotos o peque\u00f1os videos del cumplea\u00f1ero\/a si el cliente lo solicita.<br \/>\n\u2705\u00a0<strong>Tipograf\u00eda Llamativa<\/strong>: Uso de fuentes coloridas y tem\u00e1ticas para resaltar los textos clave.<br \/>\n\u2705\u00a0<strong>Colores Vibrantes<\/strong>: Paleta de colores adaptada al tema de la boda para un video visualmente impactante.<br \/>\n\u2705\u00a0<strong>Duraci\u00f3n \u00d3ptima para Compartir<\/strong>: Archivo de tama\u00f1o reducido, ideal para compartir por redes sociales o correo electr\u00f3nico.<br \/>\n\u2705\u00a0<strong>Call to Action (CTA)<\/strong>: Invitaci\u00f3n final personalizada (por ejemplo, \u201c\u00a1No faltes a mi boda!\u201d o \u201cTe esperamos en este d\u00eda especial\u201d).<br \/>\n\u2705\u00a0<strong>Previsualizaci\u00f3n y Ajustes<\/strong>: Posibilidad de realizar hasta 2 revisiones para garantizar la satisfacci\u00f3n del cliente.<\/p>\n<p><strong>FORMA DE PAGO<\/strong><br \/>\n\u2705 1er Pago 50% para iniciar el trabajo.<br \/>\n\u2705 2do Pago 50% al finalizar\u00a0 el\u00a0 trabajo, (antes de enviar sin gota de agua).<br \/>\n<strong>Tiempo de Entrega:<\/strong><br \/>\n\u2705 Tiempo de entrega: de 2 a 5 d\u00edas h\u00e1biles despu\u00e9s de recibir la informaci\u00f3n del cliente.<\/p>\n","protected":false},"excerpt":{"rendered":"<p style=\"text-align: center;\"><strong>MONTO TOTAL $25<\/strong><br \/>\n<strong>PAGO INICIAL 50% $12,5<\/strong><\/p>\n","protected":false},"featured_media":42671,"comment_status":"open","ping_status":"closed","template":"","meta":[],"product_cat":[153,154,138],"product_tag":[],"_links":{"self":[{"href":"https:\/\/locreamosdigital.com\/index.php\/wp-json\/wp\/v2\/product\/42670"}],"collection":[{"href":"https:\/\/locreamosdigital.com\/index.php\/wp-json\/wp\/v2\/product"}],"about":[{"href":"https:\/\/locreamosdigital.com\/index.php\/wp-json\/wp\/v2\/types\/product"}],"replies":[{"embeddable":true,"href":"https:\/\/locreamosdigital.com\/index.php\/wp-json\/wp\/v2\/comments?post=42670"}],"wp:featuredmedia":[{"embeddable":true,"href":"https:\/\/locreamosdigital.com\/index.php\/wp-json\/wp\/v2\/media\/42671"}],"wp:attachment":[{"href":"https:\/\/locreamosdigital.com\/index.php\/wp-json\/wp\/v2\/media?parent=42670"}],"wp:term":[{"taxonomy":"product_cat","embeddable":true,"href":"https:\/\/locreamosdigital.com\/index.php\/wp-json\/wp\/v2\/product_cat?post=42670"},{"taxonomy":"product_tag","embeddable":true,"href":"https:\/\/locreamosdigital.com\/index.php\/wp-json\/wp\/v2\/product_tag?post=42670"}],"curies":[{"name":"wp","href":"https:\/\/api.w.org\/{rel}","templated":true}]}}