{"id":44638,"date":"2024-07-02T04:18:23","date_gmt":"2024-07-02T08:18:23","guid":{"rendered":"https:\/\/locreamosdigital.cl\/?post_type=product&#038;p=44638"},"modified":"2025-01-30T11:18:58","modified_gmt":"2025-01-30T14:18:58","slug":"paginawebconsistemadepedido","status":"publish","type":"product","link":"https:\/\/locreamosdigital.com\/index.php\/product\/paginawebconsistemadepedido\/","title":{"rendered":"Paginas Web + Sistema de Pedido"},"content":{"rendered":"<p><strong>Nuestros Servicios:<br \/>\n<em>INCLUYE: HOSTING Y DOMINIO (1 A\u00d1O)<\/em><\/strong><\/p>\n<p>\u2705 LadingPage (Pagina Web) 100% Auto Administrable.<br \/>\n\u2705 Plataforma WordPress.<br \/>\n\u2705 Sistema de Pedido x 1 A\u00f1o Administrado.<br \/>\n\u2705 Dominio por 1 A\u00f1o (Ejemplo: tunombre.cl).<br \/>\n\u2705 Hosting por 1 A\u00f1o (Lugar donde se aloja la web).<br \/>\n\u2705 Todo el contenido en la pagina principal.<br \/>\n\u2705\u00a01\u00a0Correos Corporativos.<br \/>\n\u2705 Dise\u00f1o atractivo y responsivo. Versi\u00f3n para PC, Tablet y M\u00f3viles.<br \/>\n\u2705 Bot\u00f3n directo a WhatsApp.<br \/>\n\u2705 <strong>Sistema de pedido del Men\u00fa con 25 Productos<\/strong>, f\u00e1cil de usar.<br \/>\n\u2705 <b>Con conexi\u00f3n de compra directa a Whatsapp o Email<\/b>.<br \/>\n\u2705\u00a01\u00a0Formulario de contacto b\u00e1sico.<br \/>\n\u2705 Enlace directo a redes sociales.<br \/>\n\u2705 Mapa de ubicaci\u00f3n.<br \/>\n\u2705 C\u00f3digo QR.<br \/>\n\u2705 Asistencia T\u00e9cnica B\u00e1sica.<br \/>\n\u2705\u00a0Video general\u00a0del manejo de la plataforma.<br \/>\n\u2705 1er Pago 50% para iniciar el trabajo.<br \/>\n\u2705 2do Pago 50% al finalizar\u00a0 el\u00a0 trabajo, (antes de generar la publicidad paga).<\/p>\n<p>Tiempo de Entrega: 3 a 5 d\u00edas h\u00e1biles despu\u00e9s de entregado todo el material por el cliente.<\/p>\n<p><a href=\"https:\/\/locreamosdigital.cl\/index.php\/politicas-de-pago\/\"><em><strong>POLITICAS DE PAGO<\/strong><\/em><\/a><\/p>\n","protected":false},"excerpt":{"rendered":"<h2 style=\"text-align: center;\"><span style=\"color: red;\">ESTE PAGO ES EL 50% (Para iniciar el trabajo).<br \/>\n<\/span><span style=\"color: red;\">PRECIO TOTAL: $225<\/span><\/h2>\n","protected":false},"featured_media":48911,"comment_status":"open","ping_status":"closed","template":"","meta":[],"product_cat":[91,165,92,164,111],"product_tag":[93,123,94],"_links":{"self":[{"href":"https:\/\/locreamosdigital.com\/index.php\/wp-json\/wp\/v2\/product\/44638"}],"collection":[{"href":"https:\/\/locreamosdigital.com\/index.php\/wp-json\/wp\/v2\/product"}],"about":[{"href":"https:\/\/locreamosdigital.com\/index.php\/wp-json\/wp\/v2\/types\/product"}],"replies":[{"embeddable":true,"href":"https:\/\/locreamosdigital.com\/index.php\/wp-json\/wp\/v2\/comments?post=44638"}],"wp:featuredmedia":[{"embeddable":true,"href":"https:\/\/locreamosdigital.com\/index.php\/wp-json\/wp\/v2\/media\/48911"}],"wp:attachment":[{"href":"https:\/\/locreamosdigital.com\/index.php\/wp-json\/wp\/v2\/media?parent=44638"}],"wp:term":[{"taxonomy":"product_cat","embeddable":true,"href":"https:\/\/locreamosdigital.com\/index.php\/wp-json\/wp\/v2\/product_cat?post=44638"},{"taxonomy":"product_tag","embeddable":true,"href":"https:\/\/locreamosdigital.com\/index.php\/wp-json\/wp\/v2\/product_tag?post=44638"}],"curies":[{"name":"wp","href":"https:\/\/api.w.org\/{rel}","templated":true}]}}