{"id":44977,"date":"2024-07-22T11:33:38","date_gmt":"2024-07-22T15:33:38","guid":{"rendered":"https:\/\/locreamosdigital.cl\/?post_type=product&#038;p=44977"},"modified":"2025-01-30T11:17:49","modified_gmt":"2025-01-30T14:17:49","slug":"sistema-de-pedido","status":"publish","type":"product","link":"https:\/\/locreamosdigital.com\/index.php\/product\/sistema-de-pedido\/","title":{"rendered":"Sistema de Pedido"},"content":{"rendered":"<h3>DESCRIPCI\u00d3N:<\/h3>\n<p><strong>Nuestros Servicios:<br \/>\n<\/strong>INCLUYE: HOSTING\u00a0 (1 A\u00d1O)<\/p>\n<p>\u2705 100% Administrado x 1 A\u00f1o (Modificaciones B\u00e1sicas, precio y contenido).<br \/>\n\u2705 Hosting por 1 A\u00f1o (Lugar donde se aloja la web).<br \/>\n\u2705 Dise\u00f1o atractivo y responsivo. Versi\u00f3n para PC, Tablet y M\u00f3viles.<br \/>\n\u2705 <strong>Sistema de pedido del Men\u00fa con 25 Productos<\/strong>, f\u00e1cil de usar.<br \/>\n\u2705 Conexi\u00f3n directa por Whatsapp o Email.<br \/>\n\u2705 Bot\u00f3n de Pago con Plataforma de Mercado Pago.<br \/>\n\u2705 Enlace directo a redes sociales.<br \/>\n\u2705 Mapa de ubicaci\u00f3n.<br \/>\n\u2705 C\u00f3digo QR.<br \/>\n\u2705 Asistencia T\u00e9cnica B\u00e1sica.<br \/>\n\u2705 1er Pago 50% para iniciar el trabajo.<br \/>\n\u2705 2do Pago 50% al finalizar\u00a0 el\u00a0 trabajo, (antes de generar la publicidad paga).<\/p>\n<p>Tiempo de Entrega: 3 d\u00edas h\u00e1biles despu\u00e9s de entregado todo el material por el cliente.<\/p>\n<p><em><a href=\"https:\/\/locreamosdigital.cl\/index.php\/politicas-de-pago\/\"><strong>VER POLITICAS DE PAGO<\/strong><\/a><\/em><\/p>\n<p>&nbsp;<\/p>\n","protected":false},"excerpt":{"rendered":"<h2 style=\"text-align: center;\"><span style=\"color: red;\">ESTE PAGO ES EL 50% (Para iniciar el trabajo).<br \/>\n<\/span><span style=\"color: red;\">PRECIO TOTAL: $130<\/span><\/h2>\n<p style=\"text-align: center;\">\n","protected":false},"featured_media":48911,"comment_status":"open","ping_status":"closed","template":"","meta":[],"product_cat":[165,92,111],"product_tag":[93,94,212,215],"_links":{"self":[{"href":"https:\/\/locreamosdigital.com\/index.php\/wp-json\/wp\/v2\/product\/44977"}],"collection":[{"href":"https:\/\/locreamosdigital.com\/index.php\/wp-json\/wp\/v2\/product"}],"about":[{"href":"https:\/\/locreamosdigital.com\/index.php\/wp-json\/wp\/v2\/types\/product"}],"replies":[{"embeddable":true,"href":"https:\/\/locreamosdigital.com\/index.php\/wp-json\/wp\/v2\/comments?post=44977"}],"wp:featuredmedia":[{"embeddable":true,"href":"https:\/\/locreamosdigital.com\/index.php\/wp-json\/wp\/v2\/media\/48911"}],"wp:attachment":[{"href":"https:\/\/locreamosdigital.com\/index.php\/wp-json\/wp\/v2\/media?parent=44977"}],"wp:term":[{"taxonomy":"product_cat","embeddable":true,"href":"https:\/\/locreamosdigital.com\/index.php\/wp-json\/wp\/v2\/product_cat?post=44977"},{"taxonomy":"product_tag","embeddable":true,"href":"https:\/\/locreamosdigital.com\/index.php\/wp-json\/wp\/v2\/product_tag?post=44977"}],"curies":[{"name":"wp","href":"https:\/\/api.w.org\/{rel}","templated":true}]}}