{"id":44980,"date":"2024-07-22T11:40:04","date_gmt":"2024-07-22T15:40:04","guid":{"rendered":"https:\/\/locreamosdigital.cl\/?post_type=product&#038;p=44980"},"modified":"2025-01-30T12:02:03","modified_gmt":"2025-01-30T15:02:03","slug":"paginas-web-sistema-de-pedido-publicidad","status":"publish","type":"product","link":"https:\/\/locreamosdigital.com\/index.php\/product\/paginas-web-sistema-de-pedido-publicidad\/","title":{"rendered":"Paginas Web + Sistema de Pedido + Publicidad por 90 d\u00edas en Redes Sociales."},"content":{"rendered":"<h3>DESCRIPCI\u00d3N:<\/h3>\n<p><strong>Nuestros Servicios:<br \/>\n<\/strong>INCLUYE: HOSTING Y DOMINIO (1 A\u00d1O)<\/p>\n<p>\u2705 100% Auto Administrable LadingPage (Pagina Web).<br \/>\n\u2705 Sistema de Pedido x 1 A\u00f1o 100% Administrado (Modificaciones B\u00e1sicas, precio y contenido).<br \/>\n\u2705 Sistema de pago.<br \/>\n\u2705 Plataforma WEB WordPress \/ Elementor.<br \/>\n\u2705 Dominio por 1 A\u00f1o (Ejemplo: tunombre.cl).<br \/>\n\u2705 Hosting por 1 A\u00f1o (Lugar donde se aloja la web).<br \/>\n\u2705 15 d\u00edas de Publicidad Paga\u00a0 en Redes Sociales Instagram y Facebook.<br \/>\n\u2705 Todo el contenido en la pagina principal.<br \/>\n\u2705\u00a01\u00a0Correos Corporativos.<br \/>\n\u2705 Dise\u00f1o atractivo y responsivo. Versi\u00f3n para PC, Tablet y M\u00f3viles.<br \/>\n\u2705 Bot\u00f3n directo a WhatsApp.<br \/>\n\u2705 <strong>Sistema de pedido del Men\u00fa con 25 Productos<\/strong>, f\u00e1cil de usar.<br \/>\n\u2705 <strong>Sistema de pedido con conexi\u00f3n directa a Whatsapp o Email<\/strong>.<br \/>\n\u2705\u00a01\u00a0Formulario de contacto b\u00e1sico.<br \/>\n\u2705 Enlace directo a redes sociales.<br \/>\n\u2705 Bot\u00f3n de Pago con plataforma de Mercado Pago.<br \/>\n\u2705 Mapa de ubicaci\u00f3n.<br \/>\n\u2705 C\u00f3digo QR.<br \/>\n\u2705 Asistencia T\u00e9cnica B\u00e1sica.<br \/>\n\u2705 Video general del manejo de la pagina web.<br \/>\n\u2705 1er Pago 50% para iniciar el trabajo.<br \/>\n\u2705 2do Pago 50% al finalizar\u00a0 el\u00a0 trabajo, (antes de generar la publicidad paga).<\/p>\n<p>Tiempo de Entrega: de 3 a 5 d\u00edas h\u00e1biles despu\u00e9s de entregado todo el material por el cliente.<\/p>\n<p><a href=\"https:\/\/locreamosdigital.cl\/index.php\/politicas-de-pago\/\"><em><strong>VER POLITICAS DE PAGO<\/strong><\/em><\/a><\/p>\n","protected":false},"excerpt":{"rendered":"<h2 style=\"text-align: center;\"><span style=\"color: red;\">ESTE PAGO ES EL 50% (Para iniciar el trabajo).<br \/>\n<\/span><span style=\"color: red;\">PRECIO TOTAL: $290<\/span><\/h2>\n<h2 style=\"text-align: center;\"><i>Paga solo el 50% al iniciar<br \/>\nEl otro 50% al concluir (antes de generar la publicidad paga).<\/i><\/h2>\n","protected":false},"featured_media":48911,"comment_status":"open","ping_status":"closed","template":"","meta":[],"product_cat":[91,127,165,139,131,92,126,129,111],"product_tag":[93,123,94],"_links":{"self":[{"href":"https:\/\/locreamosdigital.com\/index.php\/wp-json\/wp\/v2\/product\/44980"}],"collection":[{"href":"https:\/\/locreamosdigital.com\/index.php\/wp-json\/wp\/v2\/product"}],"about":[{"href":"https:\/\/locreamosdigital.com\/index.php\/wp-json\/wp\/v2\/types\/product"}],"replies":[{"embeddable":true,"href":"https:\/\/locreamosdigital.com\/index.php\/wp-json\/wp\/v2\/comments?post=44980"}],"wp:featuredmedia":[{"embeddable":true,"href":"https:\/\/locreamosdigital.com\/index.php\/wp-json\/wp\/v2\/media\/48911"}],"wp:attachment":[{"href":"https:\/\/locreamosdigital.com\/index.php\/wp-json\/wp\/v2\/media?parent=44980"}],"wp:term":[{"taxonomy":"product_cat","embeddable":true,"href":"https:\/\/locreamosdigital.com\/index.php\/wp-json\/wp\/v2\/product_cat?post=44980"},{"taxonomy":"product_tag","embeddable":true,"href":"https:\/\/locreamosdigital.com\/index.php\/wp-json\/wp\/v2\/product_tag?post=44980"}],"curies":[{"name":"wp","href":"https:\/\/api.w.org\/{rel}","templated":true}]}}