{"id":47161,"date":"2024-10-24T11:35:28","date_gmt":"2024-10-24T14:35:28","guid":{"rendered":"https:\/\/locreamosdigital.cl\/?post_type=product&#038;p=47161"},"modified":"2025-05-03T05:02:54","modified_gmt":"2025-05-03T09:02:54","slug":"campana-redes-sociales-1-mes","status":"publish","type":"product","link":"https:\/\/locreamosdigital.com\/index.php\/product\/campana-redes-sociales-1-mes\/","title":{"rendered":"Promoci\u00f3n en Redes Sociales"},"content":{"rendered":"<div class=\"elementor-element elementor-element-19b0952 elementor-widget__width-initial elementor-widget elementor-widget-text-editor\" data-id=\"19b0952\" data-element_type=\"widget\" data-widget_type=\"text-editor.default\">\n<div class=\"elementor-widget-container\">\n<div class=\"elementor-element elementor-element-bc563d1 elementor-widget__width-initial elementor-widget elementor-widget-text-editor\" data-id=\"bc563d1\" data-element_type=\"widget\" data-widget_type=\"text-editor.default\">\n<div class=\"elementor-widget-container\">\n<div class=\"elementor-element elementor-element-54ddfac elementor-widget__width-initial elementor-widget elementor-widget-text-editor\" data-id=\"54ddfac\" data-element_type=\"widget\" data-widget_type=\"text-editor.default\">\n<div class=\"elementor-widget-container\">\n<div class=\"elementor-element elementor-element-f637dc4 elementor-widget__width-initial elementor-widget elementor-widget-text-editor\" data-id=\"f637dc4\" data-element_type=\"widget\" data-widget_type=\"text-editor.default\">\n<div class=\"elementor-widget-container\">\n<p><strong>Promoci\u00f3n en redes Sociales<\/strong><\/p>\n<p>\u2705 5 Post Publicitario Relacionados.<br \/>\n\u2705 10 History Relacionadas.<br \/>\n\u2705 1 Reels de 30 seg c\/u.<br \/>\n\u2705 Configuraci\u00f3n: Conexi\u00f3n entre ambas redes, p\u00e1gina web y WhatsApp Business.<br \/>\n\u2705 Presencia org\u00e1nica: Programaci\u00f3n manual de publicaciones ofrecidas para mantener las redes activas.<br \/>\n\u2705 Campa\u00f1a paga: 30 d\u00edas de publicidad.<br \/>\n\u2705 Dise\u00f1o atractivo para Versi\u00f3n\u00a0 M\u00f3viles 16:9.<br \/>\n\u2705 Para usar en redes sociales.<br \/>\n\u2705 Agregados seg\u00fan especificaciones del cliente.<br \/>\n\u2705 Asistencia y recomendaciones.<br \/>\n\u2705 Informe final: Resumen de la campa\u00f1a.<br \/>\n\u2705 Se puede usar las campa\u00f1as en TIKTOK.<br \/>\n<strong><br \/>\nFORMA DE PAGO<br \/>\n<\/strong>\u2705 1er Pago 50% para iniciar el trabajo.<br \/>\n\u2705 2do Pago 50% al finalizar\u00a0 el\u00a0 trabajo, (antes de generar la publicidad paga).<\/p>\n<\/div>\n<\/div>\n<\/div>\n<\/div>\n<\/div>\n<\/div>\n<\/div>\n<\/div>\n","protected":false},"excerpt":{"rendered":"<h2 style=\"text-align: center;\"><span style=\"color: red;\">ESTE PAGO ES EL 50% (Para iniciar el trabajo).<br \/>\n<\/span><span style=\"color: red;\">PRECIO TOTAL: $90<br \/>\n<\/span><\/h2>\n","protected":false},"featured_media":47216,"comment_status":"open","ping_status":"closed","template":"","meta":[],"product_cat":[130,135,131,164,126,136,129],"product_tag":[133,90,134],"_links":{"self":[{"href":"https:\/\/locreamosdigital.com\/index.php\/wp-json\/wp\/v2\/product\/47161"}],"collection":[{"href":"https:\/\/locreamosdigital.com\/index.php\/wp-json\/wp\/v2\/product"}],"about":[{"href":"https:\/\/locreamosdigital.com\/index.php\/wp-json\/wp\/v2\/types\/product"}],"replies":[{"embeddable":true,"href":"https:\/\/locreamosdigital.com\/index.php\/wp-json\/wp\/v2\/comments?post=47161"}],"wp:featuredmedia":[{"embeddable":true,"href":"https:\/\/locreamosdigital.com\/index.php\/wp-json\/wp\/v2\/media\/47216"}],"wp:attachment":[{"href":"https:\/\/locreamosdigital.com\/index.php\/wp-json\/wp\/v2\/media?parent=47161"}],"wp:term":[{"taxonomy":"product_cat","embeddable":true,"href":"https:\/\/locreamosdigital.com\/index.php\/wp-json\/wp\/v2\/product_cat?post=47161"},{"taxonomy":"product_tag","embeddable":true,"href":"https:\/\/locreamosdigital.com\/index.php\/wp-json\/wp\/v2\/product_tag?post=47161"}],"curies":[{"name":"wp","href":"https:\/\/api.w.org\/{rel}","templated":true}]}}