{"id":49556,"date":"2025-02-12T18:14:56","date_gmt":"2025-02-12T21:14:56","guid":{"rendered":"https:\/\/locreamosdigital.com\/?post_type=product&#038;p=49556"},"modified":"2025-05-03T05:02:22","modified_gmt":"2025-05-03T09:02:22","slug":"creacion-de-curriculum-profesional","status":"publish","type":"product","link":"https:\/\/locreamosdigital.com\/index.php\/product\/creacion-de-curriculum-profesional\/","title":{"rendered":"Creaci\u00f3n de Curr\u00edculum Profesional."},"content":{"rendered":"<div class=\"elementor-element elementor-element-19b0952 elementor-widget__width-initial elementor-widget elementor-widget-text-editor\" data-id=\"19b0952\" data-element_type=\"widget\" data-widget_type=\"text-editor.default\">\n<div class=\"elementor-widget-container\">\n<div class=\"elementor-element elementor-element-bc563d1 elementor-widget__width-initial elementor-widget elementor-widget-text-editor\" data-id=\"bc563d1\" data-element_type=\"widget\" data-widget_type=\"text-editor.default\">\n<div class=\"elementor-widget-container\">\n<div class=\"elementor-element elementor-element-54ddfac elementor-widget__width-initial elementor-widget elementor-widget-text-editor\" data-id=\"54ddfac\" data-element_type=\"widget\" data-widget_type=\"text-editor.default\">\n<div class=\"elementor-widget-container\">\n<div class=\"elementor-element elementor-element-f637dc4 elementor-widget__width-initial elementor-widget elementor-widget-text-editor\" data-id=\"f637dc4\" data-element_type=\"widget\" data-widget_type=\"text-editor.default\">\n<div class=\"elementor-widget-container\">\n<p><strong>Te facilitamos la creaci\u00f3n de curr\u00edculos Profesionales, para la b\u00fasqueda de ofertas laboral.<br \/>\n<\/strong><\/p>\n<p>INCLUYE:<br \/>\n\u2705 Paginas Creativas seg\u00fan su solicitud.<br \/>\n\u2705 Colores que se ajusten a tu necesidad.<br \/>\n\u2705 Agregado de Informaci\u00f3n necesaria corregidas con IA.<br \/>\n\u2705 Fecha de Entrega M\u00e1ximo 1 d\u00eda, despu\u00e9s de entregado el material base.<br \/>\n\u2705 Formatos de entrega, PDF y JPG.<\/p>\n<\/div>\n<\/div>\n<\/div>\n<\/div>\n<\/div>\n<\/div>\n<\/div>\n<\/div>\n","protected":false},"excerpt":{"rendered":"<h2 style=\"text-align: center;\"><i>Presentaci\u00f3n Para:<br \/>\nOfertas laborales.<\/i><\/h2>\n<h2 style=\"text-align: center;\"><span style=\"color: red;\">\u00a0<\/span><\/h2>\n","protected":false},"featured_media":49559,"comment_status":"open","ping_status":"closed","template":"","meta":[],"product_cat":[130,135,131,164,126,136,129],"product_tag":[133,90,134],"_links":{"self":[{"href":"https:\/\/locreamosdigital.com\/index.php\/wp-json\/wp\/v2\/product\/49556"}],"collection":[{"href":"https:\/\/locreamosdigital.com\/index.php\/wp-json\/wp\/v2\/product"}],"about":[{"href":"https:\/\/locreamosdigital.com\/index.php\/wp-json\/wp\/v2\/types\/product"}],"replies":[{"embeddable":true,"href":"https:\/\/locreamosdigital.com\/index.php\/wp-json\/wp\/v2\/comments?post=49556"}],"wp:featuredmedia":[{"embeddable":true,"href":"https:\/\/locreamosdigital.com\/index.php\/wp-json\/wp\/v2\/media\/49559"}],"wp:attachment":[{"href":"https:\/\/locreamosdigital.com\/index.php\/wp-json\/wp\/v2\/media?parent=49556"}],"wp:term":[{"taxonomy":"product_cat","embeddable":true,"href":"https:\/\/locreamosdigital.com\/index.php\/wp-json\/wp\/v2\/product_cat?post=49556"},{"taxonomy":"product_tag","embeddable":true,"href":"https:\/\/locreamosdigital.com\/index.php\/wp-json\/wp\/v2\/product_tag?post=49556"}],"curies":[{"name":"wp","href":"https:\/\/api.w.org\/{rel}","templated":true}]}}